{"id":90,"date":"2026-03-09T16:32:47","date_gmt":"2026-03-09T15:32:47","guid":{"rendered":"https:\/\/carnavalrussafa.wordpress.com\/?page_id=90"},"modified":"2026-03-09T16:32:47","modified_gmt":"2026-03-09T15:32:47","slug":"contactos","status":"publish","type":"page","link":"https:\/\/russafaculturaviva.org\/ca\/contactos\/","title":{"rendered":"Contactos"},"content":{"rendered":"\n<p>\ud83d\udce7 Email: <a href=\"mailto:jarit@jarit.org\">jarit@jarit.org<\/a><\/p>\n\n\n\n<p>\ud83d\udcde Tel\u00e9fono:  +34 963 80 50 76<\/p>\n\n\n\n<p>\ud83d\udccd Ubicaci\u00f3n de nuestra ONG:<\/p>\n\n\n\n<div class=\"wp-block-jetpack-map\" data-map-style=\"default\" data-map-details=\"true\" data-points=\"[{&quot;placeTitle&quot;:&quot;Carrer de B\u00e8rnia, 16, Valence, Valencia, Espagne&quot;,&quot;title&quot;:&quot;Carrer de B\u00e8rnia, 16, Valence, Valencia, Espagne&quot;,&quot;caption&quot;:&quot;Carrer de B\u00e8rnia, 16, Valence, Valencia, Espagne&quot;,&quot;coordinates&quot;:{&quot;longitude&quot;:-0.3723152,&quot;latitude&quot;:39.4547714},&quot;id&quot;:&quot;Carrer de B\u00e8rnia, 16, Valence, Valencia, Espagne 39.45 -0.37&quot;},{&quot;placeTitle&quot;:&quot;Carrer de B\u00e8rnia, 16 4600, Valence, Valencia, Espagne&quot;,&quot;title&quot;:&quot;Carrer de B\u00e8rnia, 16 4600, Valence, Valencia, Espagne&quot;,&quot;caption&quot;:&quot;Carrer de B\u00e8rnia, 16 4600, Valence, Valencia, Espagne&quot;,&quot;coordinates&quot;:{&quot;longitude&quot;:-0.3723152,&quot;latitude&quot;:39.4547714},&quot;id&quot;:&quot;Carrer de B\u00e8rnia, 16 4600, Valence, Valencia, Espagne 39.45 -0.37&quot;}]\" data-zoom=\"13\" data-map-center=\"{&quot;lat&quot;:39.454771399999984,&quot;lng&quot;:-0.37231520000000273}\" data-marker-color=\"red\" data-show-fullscreen-button=\"true\"><ul><li><a href=\"https:\/\/www.google.com\/maps\/search\/?api=1&amp;query=39.4547714,-0.3723152\">Carrer de B\u00e8rnia, 16, Valence, Valencia, Espagne<\/a><\/li><li><a href=\"https:\/\/www.google.com\/maps\/search\/?api=1&amp;query=39.4547714,-0.3723152\">Carrer de B\u00e8rnia, 16 4600, Valence, Valencia, Espagne<\/a><\/li><\/ul><\/div>\n\n\n\n<p><\/p>\n","protected":false},"excerpt":{"rendered":"<p>\ud83d\udce7 Email: jarit@jarit.org \ud83d\udcde Tel\u00e9fono: +34 963 80 50 76 \ud83d\udccd Ubicaci\u00f3n de nuestra ONG:<\/p>","protected":false},"author":1,"featured_media":0,"parent":0,"menu_order":0,"comment_status":"closed","ping_status":"closed","template":"","meta":{"footnotes":""},"class_list":["post-90","page","type-page","status-publish","hentry"],"_links":{"self":[{"href":"https:\/\/russafaculturaviva.org\/ca\/wp-json\/wp\/v2\/pages\/90","targetHints":{"allow":["GET"]}}],"collection":[{"href":"https:\/\/russafaculturaviva.org\/ca\/wp-json\/wp\/v2\/pages"}],"about":[{"href":"https:\/\/russafaculturaviva.org\/ca\/wp-json\/wp\/v2\/types\/page"}],"author":[{"embeddable":true,"href":"https:\/\/russafaculturaviva.org\/ca\/wp-json\/wp\/v2\/users\/1"}],"replies":[{"embeddable":true,"href":"https:\/\/russafaculturaviva.org\/ca\/wp-json\/wp\/v2\/comments?post=90"}],"version-history":[{"count":0,"href":"https:\/\/russafaculturaviva.org\/ca\/wp-json\/wp\/v2\/pages\/90\/revisions"}],"wp:attachment":[{"href":"https:\/\/russafaculturaviva.org\/ca\/wp-json\/wp\/v2\/media?parent=90"}],"curies":[{"name":"wp","href":"https:\/\/api.w.org\/{rel}","templated":true}]}}