{"id":8,"date":"2026-03-03T09:25:43","date_gmt":"2026-03-03T09:25:43","guid":{"rendered":"http:\/\/carnavalrussafa.wordpress.com\/?page_id=1"},"modified":"2026-04-21T12:01:37","modified_gmt":"2026-04-21T12:01:37","slug":"about","status":"publish","type":"page","link":"https:\/\/russafaculturaviva.org\/ca\/about\/","title":{"rendered":"\u00bfQui som?"},"content":{"rendered":"<p class=\"has-heading-color has-text-color has-link-color wp-elements-bfacabbc4570b235ae97ab813a049166\"><strong> La nostra ess\u00e8ncia<\/strong><\/p>\n\n\n\n<p class=\"has-heading-color has-text-color has-link-color wp-elements-bb48e1edd2aa4dcd89df1c2af4a699de\">L'Associaci\u00f3 Civil de Sensibilitzaci\u00f3 Cultural dels Processos Migratoris Africans \u00e9s una organitzaci\u00f3 sense \u00e0nim de lucre compromesa amb la promoci\u00f3 de la diversitat cultural i la sensibilitzaci\u00f3 social entorn de les migracions africanes. Som un espai de trobada que connecta comunitats, col\u00b7lectius i persones interessades a construir una societat m\u00e9s inclusiva, conscient i solid\u00e0ria.<\/p>\n\n\n\n<p class=\"has-heading-color has-text-color has-link-color wp-elements-afc99d06fd34ca97ce136f0a017c0358\">Naixem amb la convicci\u00f3 que la cultura \u00e9s una eina poderosa de transformaci\u00f3 social. Per aix\u00f2, desenvolupem iniciatives que apropen les realitats migrat\u00f2ries a la ciutadania, fomentant el di\u00e0leg, el respecte i el reconeixement mutu.<\/p>\n\n\n\n<p class=\"has-heading-color has-text-color has-link-color wp-elements-e5822ffa7cfc2ef839f28ad3802930d4\"><strong>  \u00bfQu\u00e8 ens defineix?<\/strong><\/p>\n\n\n\n<p class=\"has-heading-color has-text-color has-link-color wp-elements-50693cf66d2c87a56854d330bc860a7c\">La nostra identitat es construeix sobre tres pilars fonamentals:<\/p>\n\n\n\n<ol class=\"wp-block-list\">\n<li class=\"has-heading-color has-text-color has-link-color wp-elements-28aaeec38f7319b8f8ad9b5f6b44818b translation-block\"><strong>Interculturalitat i Diversitat:<\/strong> Som un punt de trobada on les cultures africanes dialoguen amb altres realitats culturals, generant espais d'aprenentatge, intercanvi i enriquiment col\u00b7lectiu.<\/li>\n\n\n\n<li class=\"has-heading-color has-text-color has-link-color wp-elements-56882cc37f04fcbd7fd512a13230dc92 translation-block\"><strong>Mem\u00f2ria i Tradici\u00f3:<\/strong> Fem visibles les hist\u00f2ries, experi\u00e8ncies i aportacions de les persones migrants africanes, promovent una mirada cr\u00edtica, humana i respectuosa sobre els processos migratoris.<\/li>\n\n\n\n<li class=\"has-heading-color has-text-color has-link-color wp-elements-db20e50d9b48883a1fcd6f962b3caa54 translation-block\"><strong>Comprom\u00eds Social:<\/strong> Entenem la cultura com a motor de canvi. Les nostres accions busquen generar consci\u00e8ncia, combatre estereotips i contribuir a una conviv\u00e8ncia basada en la igualtat i la just\u00edcia social.<\/li>\n<\/ol>\n\n\n\n<p class=\"has-heading-color has-text-color has-link-color wp-elements-e1e4830464e731b84d6897dfeb327738\"><strong>   La nostra Estructura<\/strong><\/p>\n\n\n\n<p class=\"has-heading-color has-text-color has-link-color wp-elements-bb3b3e97439fdba638da0c32247b2db1\">Funcionem a trav\u00e9s d'un model participatiu i col\u00b7laboratiu, en el qual persones volunt\u00e0ries, professionals i col\u00b7lectius socials treballen conjuntament. Promovem espais de participaci\u00f3 oberts que afavoreixen l'intercanvi d'idees i la construcci\u00f3 col\u00b7lectiva dels nostres projectes.<\/p>\n\n\n\n<p class=\"has-heading-color has-text-color has-link-color wp-elements-f50bb0901e9e9b053c9db7ac56792aae\"><strong>La nostra Visi\u00f3: Cultura Viva<\/strong><\/p>\n\n\n\n<p class=\"has-heading-color has-text-color has-link-color wp-elements-c1496f0aed5a4150c0cb83202fbe3f7f\">Sota una visi\u00f3 centrada en la cultura com a pont, treballem per crear espais inclusius, segurs i accessibles, on la diversitat sigui reconeguda com un valor fonamental. Apostem per una societat en qu\u00e8 cada hist\u00f2ria compta i cada cultura suma.<\/p>\n\n\n\n<hr class=\"wp-block-separator has-alpha-channel-opacity\"\/>","protected":false},"excerpt":{"rendered":"<p>Nuestra Esencia La Asociaci\u00f3n Civil de Sensibilizaci\u00f3n Cultural de los Procesos Migratorios Africanos, es una organizaci\u00f3n sin \u00e1nimo de lucro comprometida con la promoci\u00f3n de la diversidad cultural y la sensibilizaci\u00f3n social en torno a las migraciones africanas. Somos un espacio de encuentro que conecta a comunidades, colectivos y personas interesadas en construir una sociedad [&hellip;]<\/p>\n","protected":false},"author":1,"featured_media":0,"parent":0,"menu_order":0,"comment_status":"closed","ping_status":"open","template":"","meta":{"footnotes":""},"class_list":["post-8","page","type-page","status-publish","hentry"],"_links":{"self":[{"href":"https:\/\/russafaculturaviva.org\/ca\/wp-json\/wp\/v2\/pages\/8","targetHints":{"allow":["GET"]}}],"collection":[{"href":"https:\/\/russafaculturaviva.org\/ca\/wp-json\/wp\/v2\/pages"}],"about":[{"href":"https:\/\/russafaculturaviva.org\/ca\/wp-json\/wp\/v2\/types\/page"}],"author":[{"embeddable":true,"href":"https:\/\/russafaculturaviva.org\/ca\/wp-json\/wp\/v2\/users\/1"}],"replies":[{"embeddable":true,"href":"https:\/\/russafaculturaviva.org\/ca\/wp-json\/wp\/v2\/comments?post=8"}],"version-history":[{"count":3,"href":"https:\/\/russafaculturaviva.org\/ca\/wp-json\/wp\/v2\/pages\/8\/revisions"}],"predecessor-version":[{"id":455,"href":"https:\/\/russafaculturaviva.org\/ca\/wp-json\/wp\/v2\/pages\/8\/revisions\/455"}],"wp:attachment":[{"href":"https:\/\/russafaculturaviva.org\/ca\/wp-json\/wp\/v2\/media?parent=8"}],"curies":[{"name":"wp","href":"https:\/\/api.w.org\/{rel}","templated":true}]}}