{"id":53,"date":"2026-03-04T15:15:01","date_gmt":"2026-03-04T14:15:01","guid":{"rendered":"https:\/\/carnavalrussafa.wordpress.com\/?page_id=53"},"modified":"2026-04-14T21:30:08","modified_gmt":"2026-04-14T21:30:08","slug":"53-2","status":"publish","type":"page","link":"https:\/\/russafaculturaviva.org\/ca\/53-2\/","title":{"rendered":"INICIO"},"content":{"rendered":"<div class=\"wp-block-group alignfull is-layout-constrained wp-container-core-group-is-layout-490fa1db wp-block-group-is-layout-constrained\" style=\"padding-top:var(--wp--preset--spacing--50);padding-right:var(--wp--preset--spacing--50);padding-bottom:var(--wp--preset--spacing--50);padding-left:var(--wp--preset--spacing--50)\">\n<div class=\"wp-block-group is-layout-constrained wp-container-core-group-is-layout-650790e1 wp-block-group-is-layout-constrained\">\n<h1 class=\"wp-block-heading has-text-align-center has-x-large-font-size\">Cultura, comunidad y diversidad<\/h1>\n\n\n\n<div style=\"height:1.25rem\" aria-hidden=\"true\" class=\"wp-block-spacer\"><\/div>\n\n\n\n<p class=\"has-text-align-center\">L'Associaci\u00f3 Civil de Sensibilitzaci\u00f3 Cultural dels Processos Migratoris Africans impulsa iniciatives que promouen la trobada intercultural, la creativitat col\u00b7lectiva i la conviv\u00e8ncia comunit\u00e0ria. A trav\u00e9s d'activitats participatives, projectes educatius i expressions art\u00edstiques, integra diverses comunitats en un espai de di\u00e0leg, inclusi\u00f3 i reconeixement de la diversitat cultural, enfortint el teixit social amb una mirada global i solid\u00e0ria.<\/p>\n\n\n\n<div style=\"height:1.25rem\" aria-hidden=\"true\" class=\"wp-block-spacer\"><\/div>\n\n\n\n<div class=\"wp-block-buttons is-content-justification-center is-layout-flex wp-container-core-buttons-is-layout-a89b3969 wp-block-buttons-is-layout-flex\">\n<div class=\"wp-block-button\"><a class=\"wp-block-button__link wp-element-button\" href=\"https:\/\/carnavalrussafa.wordpress.com\/about\/\">Sobre Nosotros<\/a><\/div>\n\n\n\n<div class=\"wp-block-button\"><a class=\"wp-block-button__link wp-element-button\" href=\"https:\/\/carnavalrussafa.wordpress.com\/que-hacemos\/\">Qu\u00e8 Fem<\/a><\/div>\n\n\n\n<div class=\"wp-block-button\"><a class=\"wp-block-button__link wp-element-button\" href=\"https:\/\/carnavalrussafa.wordpress.com\/cultura-y-comunidad\/\"><strong>Cultura i Comunitat<\/strong><\/a><\/div>\n\n\n\n<div class=\"wp-block-button\"><a class=\"wp-block-button__link wp-element-button\" href=\"https:\/\/carnavalrussafa.wordpress.com\/historia\/\">Hist\u00f2ria <\/a><\/div>\n\n\n\n<div class=\"wp-block-button\"><a class=\"wp-block-button__link wp-element-button\" href=\"https:\/\/carnavalrussafa.wordpress.com\/convocatorias-y-oportunidades\/\"><strong>Convocatorias y Oportunidades<\/strong><\/a><\/div>\n\n\n\n<div class=\"wp-block-button\"><a class=\"wp-block-button__link wp-element-button\" href=\"https:\/\/carnavalrussafa.wordpress.com\/transparencia\/\">Transparencia<\/a><\/div>\n\n\n\n<div class=\"wp-block-button\"><a class=\"wp-block-button__link wp-element-button\" href=\"https:\/\/carnavalrussafa.wordpress.com\/participa\/\">Participa<\/a><\/div>\n\n\n\n<div class=\"wp-block-button\"><a class=\"wp-block-button__link wp-element-button\" href=\"https:\/\/carnavalrussafa.wordpress.com\/noticias-blog\/\">Noticias \/ Blog<\/a><\/div>\n\n\n\n<div class=\"wp-block-button\"><a class=\"wp-block-button__link wp-element-button\" href=\"https:\/\/carnavalrussafa.wordpress.com\/formacion-y-cursos\/\"><strong>Formaci\u00f3 i Cursos<\/strong><\/a><\/div>\n<\/div>\n<\/div>\n\n\n\n<div style=\"height:var(--wp--preset--spacing--30)\" aria-hidden=\"true\" class=\"wp-block-spacer\"><\/div>\n\n\n\n<figure class=\"wp-block-image alignwide size-full is-style-default\"><img loading=\"lazy\" decoding=\"async\" width=\"1024\" height=\"1024\" src=\"https:\/\/russafaculturaviva.org\/wp-content\/uploads\/2026\/03\/aiad-69cbec9f7db39.png\" alt=\"Asociaci\u00f3n cultural migraciones africanas Viaja Culturas colorida\" class=\"wp-image-121\" srcset=\"https:\/\/russafaculturaviva.org\/wp-content\/uploads\/2026\/03\/aiad-69cbec9f7db39.png 1024w, https:\/\/russafaculturaviva.org\/wp-content\/uploads\/2026\/03\/aiad-69cbec9f7db39-300x300.png 300w, https:\/\/russafaculturaviva.org\/wp-content\/uploads\/2026\/03\/aiad-69cbec9f7db39-150x150.png 150w, https:\/\/russafaculturaviva.org\/wp-content\/uploads\/2026\/03\/aiad-69cbec9f7db39-768x768.png 768w\" sizes=\"auto, (max-width: 1024px) 100vw, 1024px\" \/><\/figure>\n<\/div>\n\n\n\n<div class=\"wp-block-group alignfull has-base-2-background-color has-background is-layout-constrained wp-container-core-group-is-layout-669513ed wp-block-group-is-layout-constrained\" style=\"margin-top:0;margin-bottom:0;padding-top:var(--wp--preset--spacing--50);padding-right:var(--wp--preset--spacing--50);padding-bottom:var(--wp--preset--spacing--50);padding-left:var(--wp--preset--spacing--50)\">\n<div class=\"wp-block-group is-vertical is-content-justification-center is-layout-flex wp-container-core-group-is-layout-52b864f0 wp-block-group-is-layout-flex\">\n<h2 class=\"wp-block-heading has-text-align-center is-style-asterisk\">Una passi\u00f3 per crear comunitat<br><\/h2>\n\n\n\n<div style=\"height:0px\" aria-hidden=\"true\" class=\"wp-block-spacer wp-container-content-4f2ccadb\"><\/div>\n\n\n\n<p class=\"has-text-align-center\">El nostre conjunt d'accions i projectes est\u00e0 dirigit a associacions culturals, col\u00b7lectius ve\u00efnals, centres educatius, agrupacions art\u00edstiques i entitats socials compromeses amb la sensibilitzaci\u00f3 sobre els processos migratoris africans i la promoci\u00f3 de la diversitat cultural.<\/p>\n<\/div>\n\n\n\n<div style=\"margin-top:0;margin-bottom:0;height:var(--wp--preset--spacing--40)\" aria-hidden=\"true\" class=\"wp-block-spacer\"><\/div>\n\n\n\n<div class=\"wp-block-columns alignwide is-layout-flex wp-container-core-columns-is-layout-d0bbbce0 wp-block-columns-is-layout-flex\">\n<div class=\"wp-block-column is-layout-flow wp-container-core-column-is-layout-e3d1c41b wp-block-column-is-layout-flow\">\n<p>\ud83c\udfad <strong>Organitzaci\u00f3 i gesti\u00f3 cultural<\/strong><\/p>\n\n\n\n<p class=\"has-text-align-left\">Dissenyem i desenvolupem activitats culturals, tallers i esdeveniments que promouen el coneixement de les cultures africanes, facilitant espais de trobada oberts, inclusius i participatius.<\/p>\n<\/div>\n\n\n\n<div class=\"wp-block-column is-layout-flow wp-container-core-column-is-layout-e3d1c41b wp-block-column-is-layout-flow\">\n<p>\ud83e\udd1d <strong>Desenvolupament comunitari<\/strong><\/p>\n\n\n\n<p class=\"has-text-align-left\">Impulsem la col\u00b7laboraci\u00f3 entre associacions, col\u00b7lectius migrants, centres educatius imoviments socials per enfortir el teixit comunitari i fomentar xarxes de suport intercultural.<\/p>\n<\/div>\n\n\n\n<div class=\"wp-block-column is-layout-flow wp-container-core-column-is-layout-e3d1c41b wp-block-column-is-layout-flow\">\n<p>\ud83c\udf0d <strong>Inclusi\u00f3 i interculturalitat<\/strong><\/p>\n\n\n\n<p class=\"has-text-align-left\">Fomentem la conviv\u00e8ncia entre cultures, visibilitzant les realitats migrat\u00f2ries africanes a trav\u00e9s de la m\u00fasica, la dansa, la narraci\u00f3 i altres expressions art\u00edstiques.<\/p>\n<\/div>\n<\/div>\n\n\n\n<div style=\"height:var(--wp--preset--spacing--20)\" aria-hidden=\"true\" class=\"wp-block-spacer\"><\/div>\n\n\n\n<div class=\"wp-block-columns alignwide is-layout-flex wp-container-core-columns-is-layout-d0bbbce0 wp-block-columns-is-layout-flex\">\n<div class=\"wp-block-column is-layout-flow wp-container-core-column-is-layout-e3d1c41b wp-block-column-is-layout-flow\">\n<p class=\"has-text-align-left\"><strong>\ud83d\udcc5 Planificaci\u00f3n del Carnaval 2025<\/strong><\/p>\n\n\n\n<p class=\"has-text-align-left\">Treballem en la creaci\u00f3 i coordinaci\u00f3 de programes educatius, jornades culturals i accions de sensibilitzaci\u00f3 que generin impacte social i promoguin el di\u00e0leg.<\/p>\n<\/div>\n\n\n\n<div class=\"wp-block-column is-layout-flow wp-container-core-column-is-layout-e3d1c41b wp-block-column-is-layout-flow\">\n<p class=\"has-text-align-left\"><strong>\ud83d\udcdc C\u00f3digo \u00c9tico y convivencia<\/strong><\/p>\n\n\n\n<p class=\"has-text-align-left\">Promovem valors de respecte, igualtat i conviv\u00e8ncia, establint principis que guien les nostres activitats i relacions amb la comunitat.<\/p>\n<\/div>\n\n\n\n<div class=\"wp-block-column is-layout-flow wp-container-core-column-is-layout-e3d1c41b wp-block-column-is-layout-flow\">\n<p><strong>\ud83c\udfb6 Espacio p\u00fablico y cultura<\/strong><\/p>\n\n\n\n<p class=\"has-text-align-left\">Defensem l'\u00fas de l'espai p\u00fablic com a lloc de trobada, aprenentatge i expressi\u00f3 cultural, desenvolupant activitats que apropin la diversitat a la ciutadania.<\/p>\n<\/div>\n<\/div>\n<\/div>\n\n\n\n<div class=\"wp-block-group alignfull is-layout-constrained wp-container-core-group-is-layout-d89aad35 wp-block-group-is-layout-constrained\" style=\"margin-top:0;margin-bottom:0;padding-top:var(--wp--preset--spacing--50);padding-right:var(--wp--preset--spacing--50);padding-bottom:var(--wp--preset--spacing--50);padding-left:var(--wp--preset--spacing--50)\">\n<div class=\"wp-block-group alignwide is-layout-constrained wp-container-core-group-is-layout-19e250f3 wp-block-group-is-layout-constrained\">\n<div class=\"wp-block-group is-vertical is-content-justification-center is-layout-flex wp-container-core-group-is-layout-6329a8f3 wp-block-group-is-layout-flex\">\n<h2 class=\"wp-block-heading has-text-align-center is-style-asterisk\">Recursos i participaci\u00f3 comunit\u00e0ria<\/h2>\n\n\n\n<p class=\"has-text-align-center\">L'Associaci\u00f3 posa a disposici\u00f3 d'entitats i ciutadania diferents espais d'informaci\u00f3, col\u00b7laboraci\u00f3 i difusi\u00f3 cultural.<\/p>\n<\/div>\n\n\n\n<div style=\"height:var(--wp--preset--spacing--40)\" aria-hidden=\"true\" class=\"wp-block-spacer\"><\/div>\n\n\n\n<div class=\"wp-block-columns alignwide is-layout-flex wp-container-core-columns-is-layout-d1c656ed wp-block-columns-is-layout-flex\">\n<div class=\"wp-block-column is-vertically-aligned-center is-layout-flow wp-block-column-is-layout-flow\" style=\"flex-basis:40%\">\n<h3 class=\"wp-block-heading is-style-asterisk\">Informaci\u00f3 i comunicaci\u00f3<\/h3>\n\n\n\n<ul style=\"line-height:1.75\" class=\"wp-block-list is-style-checkmark-list\">\n<li>Difusi\u00f3 d'activitats, tallers i esdeveniments culturals.<\/li>\n\n\n\n<li>Informaci\u00f3 sobre trobades, projectes i accions en marxa.<\/li>\n\n\n\n<li>Publicaci\u00f3 de continguts educatius i de conscienciaci\u00f3.<\/li>\n<\/ul>\n<\/div>\n\n\n\n<div class=\"wp-block-column is-layout-flow wp-block-column-is-layout-flow\" style=\"flex-basis:50%\">\n<figure class=\"wp-block-image size-full is-style-rounded\"><img decoding=\"async\" src=\"https:\/\/russafaculturaviva.org\/wp-content\/uploads\/2026\/03\/2102.i605.003.nationality_people_crowd.jpg\" alt=\"\" class=\"wp-image-18\" \/><\/figure>\n<\/div>\n<\/div>\n\n\n\n<div style=\"height:var(--wp--preset--spacing--40)\" aria-hidden=\"true\" class=\"wp-block-spacer\"><\/div>\n\n\n\n<div class=\"wp-block-columns alignwide is-layout-flex wp-container-core-columns-is-layout-d1c656ed wp-block-columns-is-layout-flex\">\n<div class=\"wp-block-column is-layout-flow wp-block-column-is-layout-flow\" style=\"flex-basis:50%\">\n<figure class=\"wp-block-image size-large is-style-rounded\"><img decoding=\"async\" src=\"https:\/\/www.gaceta.unam.mx\/wp-content\/uploads\/2022\/09\/220919-aca13-des-f1-migrantes-capacidad-respuesta.jpg\" alt=\"Windows of a building in Nuremberg, Germany\" \/><\/figure>\n<\/div>\n\n\n\n<div class=\"wp-block-column is-vertically-aligned-center is-layout-flow wp-block-column-is-layout-flow\" style=\"flex-basis:40%\">\n<h3 class=\"wp-block-heading is-style-asterisk\">Mem\u00f2ria hist\u00f2rica i cultural<\/h3>\n\n\n\n<ul style=\"line-height:1.75\" class=\"wp-block-list is-style-checkmark-list\">\n<li>Visibilitzaci\u00f3 de les hist\u00f2ries i experi\u00e8ncies de les migracions africanes.<\/li>\n\n\n\n<li>Posada en valor de la diversitat cultural i les seves aportacions socials.<\/li>\n\n\n\n<li>Promoci\u00f3 d'una narrativa inclusiva i respectuosa sobre la mobilitat humana.<\/li>\n<\/ul>\n<\/div>\n<\/div>\n<\/div>\n<\/div>\n\n\n\n<div class=\"wp-block-group alignfull has-base-color has-contrast-background-color has-text-color has-background is-layout-constrained wp-container-core-group-is-layout-ef3d885c wp-block-group-is-layout-constrained\" style=\"margin-top:0;margin-bottom:0;padding-top:var(--wp--preset--spacing--60);padding-right:var(--wp--preset--spacing--60);padding-bottom:var(--wp--preset--spacing--60);padding-left:var(--wp--preset--spacing--60)\">\n<div class=\"wp-block-group is-layout-constrained wp-block-group-is-layout-constrained\">\n<p class=\"has-text-align-center has-base-color has-text-color has-heading-font-family has-x-large-font-size\" style=\"line-height:1.2\"><em>\u201cViaja Culturas es mucho m\u00e1s que una iniciativa cultural: es un espacio de encuentro, aprendizaje y transformaci\u00f3n social a trav\u00e9s de la diversidad.\u201d<\/em><\/p>\n\n\n\n<div style=\"height:var(--wp--preset--spacing--10)\" aria-hidden=\"true\" class=\"wp-block-spacer\"><\/div>\n<\/div>\n<\/div>\n\n\n\n<p><\/p>","protected":false},"excerpt":{"rendered":"<p>Cultura, comunidad y diversidad La Asociaci\u00f3n Civil de Sensibilizaci\u00f3n Cultural de los Procesos Migratorios Africanos, impulsa iniciativas que promueven el encuentro intercultural, la creatividad colectiva y la convivencia comunitaria. A trav\u00e9s de actividades participativas, proyectos educativos y expresiones art\u00edsticas, integra a diversas comunidades en un espacio de di\u00e1logo, inclusi\u00f3n y reconocimiento de la diversidad cultural, [&hellip;]<\/p>\n","protected":false},"author":1,"featured_media":0,"parent":0,"menu_order":0,"comment_status":"closed","ping_status":"closed","template":"page-checkout","meta":{"footnotes":""},"class_list":["post-53","page","type-page","status-publish","hentry"],"_links":{"self":[{"href":"https:\/\/russafaculturaviva.org\/ca\/wp-json\/wp\/v2\/pages\/53","targetHints":{"allow":["GET"]}}],"collection":[{"href":"https:\/\/russafaculturaviva.org\/ca\/wp-json\/wp\/v2\/pages"}],"about":[{"href":"https:\/\/russafaculturaviva.org\/ca\/wp-json\/wp\/v2\/types\/page"}],"author":[{"embeddable":true,"href":"https:\/\/russafaculturaviva.org\/ca\/wp-json\/wp\/v2\/users\/1"}],"replies":[{"embeddable":true,"href":"https:\/\/russafaculturaviva.org\/ca\/wp-json\/wp\/v2\/comments?post=53"}],"version-history":[{"count":2,"href":"https:\/\/russafaculturaviva.org\/ca\/wp-json\/wp\/v2\/pages\/53\/revisions"}],"predecessor-version":[{"id":221,"href":"https:\/\/russafaculturaviva.org\/ca\/wp-json\/wp\/v2\/pages\/53\/revisions\/221"}],"wp:attachment":[{"href":"https:\/\/russafaculturaviva.org\/ca\/wp-json\/wp\/v2\/media?parent=53"}],"curies":[{"name":"wp","href":"https:\/\/api.w.org\/{rel}","templated":true}]}}