{"id":517,"date":"2026-04-28T09:36:58","date_gmt":"2026-04-28T09:36:58","guid":{"rendered":"https:\/\/russafaculturaviva.org\/?page_id=517"},"modified":"2026-04-28T14:54:58","modified_gmt":"2026-04-28T14:54:58","slug":"documentacion-necesaria-para-el-proceso-de-regularizacion","status":"publish","type":"page","link":"https:\/\/russafaculturaviva.org\/ca\/documentacion-necesaria-para-el-proceso-de-regularizacion\/","title":{"rendered":"Documentaci\u00f3n Necesaria para el proceso de regularizacion"},"content":{"rendered":"<p class=\"has-heading-color has-text-color has-link-color wp-elements-09460570cac2b379eee9910b4837933c\">Fes clic als botons per descarregar els models oficials necessaris per a la teva sol\u00b7licitud:<\/p>\n\n\n\n<ul class=\"wp-block-list\">\n<li class=\"has-heading-color has-text-color has-link-color wp-elements-acd9e90851fcd11091feb968b2f8a9e5 translation-block\" style=\"font-size:20px\"><strong>Model EX-32<\/strong>: <small>Sol\u00b7licitud de regularitzaci\u00f3<\/small><\/li>\n<\/ul>\n\n\n\n<div class=\"wp-block-buttons is-content-justification-center is-layout-flex wp-container-core-buttons-is-layout-72caf8c6 wp-block-buttons-is-layout-flex\">\n<div class=\"wp-block-button\"><a class=\"wp-block-button__link has-background-color has-primary-background-color has-text-color has-background has-link-color has-upper-heading-font-size has-custom-font-size wp-element-button\" href=\"https:\/\/russafaculturaviva.org\/wp-content\/uploads\/2026\/04\/EX32.-Formulario-autorizacion-de-residencia-por-circunstancias-excepcionales-por-razon-de-arraigo-extraordinario-DA21o-1-1.pdf\">&nbsp;\ud83d\udc49 <strong>Descarregar PDF<\/strong><\/a><\/div>\n<\/div>\n\n\n\n<p><\/p>\n\n\n\n<ul class=\"wp-block-list\">\n<li class=\"has-heading-color has-text-color has-link-color wp-elements-452c4de314d62381218060bcc5037d69 translation-block\" style=\"font-size:20px\"><strong>Model EX-31<\/strong>: Autoritzaci\u00f3 de resid\u00e8ncia per asil (imprimir nom\u00e9s les 2 primeres p\u00e0gines)<\/li>\n<\/ul>\n\n\n\n<div class=\"wp-block-buttons alignwide is-content-justification-center is-layout-flex wp-container-core-buttons-is-layout-cd97fc4d wp-block-buttons-is-layout-flex\">\n<div class=\"wp-block-button is-style-fill\"><a class=\"wp-block-button__link has-background-color has-primary-background-color has-text-color has-background has-link-color has-upper-heading-font-size has-text-align-center has-custom-font-size wp-element-button\" href=\"https:\/\/russafaculturaviva.org\/wp-content\/uploads\/2026\/04\/EX31.-Formulario-autorizacion-de-residencia-por-circunstancias-excepcionales-por-razon-de-arraigo.-Solicitantes-PI-DA20o.pdf\" target=\"_blank\" rel=\"noreferrer noopener\">&nbsp;\ud83d\udc49 <strong>Descarregar PDF<\/strong><\/a><\/div>\n<\/div>\n\n\n\n<p><\/p>\n\n\n\n<ul class=\"wp-block-list\">\n<li class=\"has-heading-color has-text-color has-link-color wp-elements-ca93c0b9e23f0ab2bd23311fc2ee2471\" style=\"font-size:20px\"><strong>Informe de Vulnerabilitat<\/strong>: desc\u00e1rgalo con la <strong>declaraci\u00f3n responsable<\/strong> y pres\u00e9ntalos en nuestra entidad con<strong> fotocopia de la primera pagina del pasaporte<\/strong>.<\/li>\n<\/ul>\n\n\n\n<div class=\"wp-block-buttons is-content-justification-center is-layout-flex wp-container-core-buttons-is-layout-c124d1c4 wp-block-buttons-is-layout-flex\">\n<div class=\"wp-block-button\"><a class=\"wp-block-button__link has-background-color has-primary-background-color has-text-color has-background has-link-color has-upper-heading-font-size has-custom-font-size wp-element-button\" href=\"https:\/\/russafaculturaviva.org\/wp-content\/uploads\/2026\/04\/CERTIFICADO-VULNERABILIDAD-con-datos-Amigos-de-la-Calle-1.pdf\">&nbsp;\ud83d\udc49<strong> Informe de Vulnerabilidad<\/strong><\/a><\/div>\n\n\n\n<div class=\"wp-block-button\"><a class=\"wp-block-button__link has-background-color has-primary-background-color has-text-color has-background has-link-color has-upper-heading-font-size has-custom-font-size wp-element-button\" href=\"https:\/\/russafaculturaviva.org\/wp-content\/uploads\/2026\/04\/DECLARACION-RESPONSABLE-AMIGOS-DE-LA-CALLE-24-Abril.pdf\">&nbsp;\ud83d\udc49 <strong>Declaracion Responsable<\/strong><\/a><\/div>\n<\/div>\n\n\n\n<ul class=\"wp-block-list\">\n<li class=\"has-heading-color has-text-color has-link-color wp-elements-fbda1f082b1e82e3ae06b5641adf5d2d translation-block\" style=\"font-size:20px\"><strong>Informaci\u00f3 general <\/strong>: <small>requisits, locals, dies i horaris.<\/small><\/li>\n<\/ul>\n\n\n\n<div class=\"wp-block-buttons is-content-justification-center is-layout-flex wp-container-core-buttons-is-layout-c124d1c4 wp-block-buttons-is-layout-flex\">\n<div class=\"wp-block-button\"><a class=\"wp-block-button__link has-background-color has-primary-background-color has-text-color has-background has-link-color has-upper-heading-font-size has-custom-font-size wp-element-button\" href=\"https:\/\/russafaculturaviva.org\/wp-content\/uploads\/2026\/04\/Proceso-regularizacion-4.pdf\">&nbsp;\ud83d\udc49 <strong>Descarregar PDF<\/strong><\/a><\/div>\n<\/div>\n\n\n\n<ul class=\"wp-block-list\">\n<li class=\"has-heading-color has-text-color has-link-color wp-elements-b06e5152a907c7c98bfc20393cc5b2a6 translation-block\" style=\"font-size:20px\"><strong>LLISTA d'entitats col\u00b7laboradores <\/strong>registrades per Informe.<\/li>\n<\/ul>\n\n\n\n<div class=\"wp-block-buttons is-content-justification-center is-layout-flex wp-container-core-buttons-is-layout-c124d1c4 wp-block-buttons-is-layout-flex\">\n<div class=\"wp-block-button\"><a class=\"wp-block-button__link has-background-color has-primary-background-color has-text-color has-background has-link-color has-upper-heading-font-size has-custom-font-size wp-element-button\" href=\"https:\/\/russafaculturaviva.org\/wp-content\/uploads\/2026\/04\/ASOCIACIONES-COLABORADORAS-ACREDITADAS-REGISTRO-ELECTRONICO-EXTRANJERIA-CON-SEDE-EN-VALENCIA-1.pdf\">&nbsp;\ud83d\udc49 <strong>Descarregar PDF<\/strong><\/a><\/div>\n<\/div>\n\n\n\n<ul class=\"wp-block-list\">\n<li class=\"has-heading-color has-text-color has-link-color wp-elements-9c5722eccae2cac2b3c3b5ac540942d4 translation-block\" style=\"font-size:20px\"><strong>Llista d'administracions<\/strong> per a registre presencial amb cita.<\/li>\n<\/ul>\n\n\n\n<div class=\"wp-block-buttons is-content-justification-center is-layout-flex wp-container-core-buttons-is-layout-c124d1c4 wp-block-buttons-is-layout-flex\">\n<div class=\"wp-block-button\"><a class=\"wp-block-button__link has-background-color has-primary-background-color has-text-color has-background has-link-color has-upper-heading-font-size has-custom-font-size wp-element-button\" href=\"https:\/\/russafaculturaviva.org\/wp-content\/uploads\/2026\/04\/listado-oficinas-valencia.docx.pdf\">&nbsp;\ud83d\udc49 <strong>Descarregar PDF<\/strong><\/a><\/div>\n<\/div>\n\n\n\n<ul class=\"wp-block-list\">\n<li class=\"has-heading-color has-text-color has-link-color wp-elements-18da7d267894c4bd488ea6556474af23 translation-block\" style=\"font-size:20px\"><strong>Taxa 790 Codi 052<\/strong> : triar la ciutat i omplir les dades<\/li>\n<\/ul>\n\n\n\n<div class=\"wp-block-buttons is-content-justification-center is-layout-flex wp-container-core-buttons-is-layout-c124d1c4 wp-block-buttons-is-layout-flex\">\n<div class=\"wp-block-button\"><a class=\"wp-block-button__link has-background-color has-primary-background-color has-text-color has-background has-link-color has-upper-heading-font-size has-custom-font-size wp-element-button\" href=\"https:\/\/sede.administracionespublicas.gob.es\/tasasPDF\/prepareProvincia?idModelo=790&amp;idTasa=052\">&nbsp;\ud83d\udc49 <strong>Anar a la p\u00e0gina<\/strong><\/a><\/div>\n<\/div>\n\n\n<\/div>\n<p><!-- \/wp:post-content --><\/div>\n<\/div>\n<p><!-- \/wp:cover --><\/div>\n<p><!-- \/wp:group --><\/p>","protected":false},"excerpt":{"rendered":"<p>Fes clic als botons per descarregar els models oficials necessaris per a la teva sol\u00b7licitud:<\/p>","protected":false},"author":1,"featured_media":0,"parent":0,"menu_order":0,"comment_status":"closed","ping_status":"closed","template":"","meta":{"footnotes":""},"class_list":["post-517","page","type-page","status-publish","hentry"],"_links":{"self":[{"href":"https:\/\/russafaculturaviva.org\/ca\/wp-json\/wp\/v2\/pages\/517","targetHints":{"allow":["GET"]}}],"collection":[{"href":"https:\/\/russafaculturaviva.org\/ca\/wp-json\/wp\/v2\/pages"}],"about":[{"href":"https:\/\/russafaculturaviva.org\/ca\/wp-json\/wp\/v2\/types\/page"}],"author":[{"embeddable":true,"href":"https:\/\/russafaculturaviva.org\/ca\/wp-json\/wp\/v2\/users\/1"}],"replies":[{"embeddable":true,"href":"https:\/\/russafaculturaviva.org\/ca\/wp-json\/wp\/v2\/comments?post=517"}],"version-history":[{"count":12,"href":"https:\/\/russafaculturaviva.org\/ca\/wp-json\/wp\/v2\/pages\/517\/revisions"}],"predecessor-version":[{"id":541,"href":"https:\/\/russafaculturaviva.org\/ca\/wp-json\/wp\/v2\/pages\/517\/revisions\/541"}],"wp:attachment":[{"href":"https:\/\/russafaculturaviva.org\/ca\/wp-json\/wp\/v2\/media?parent=517"}],"curies":[{"name":"wp","href":"https:\/\/api.w.org\/{rel}","templated":true}]}}