{"id":385,"date":"2026-04-19T20:15:13","date_gmt":"2026-04-19T20:15:13","guid":{"rendered":"https:\/\/russafaculturaviva.org\/?page_id=385"},"modified":"2026-04-19T20:39:52","modified_gmt":"2026-04-19T20:39:52","slug":"regulacion-2026","status":"publish","type":"page","link":"https:\/\/russafaculturaviva.org\/ca\/regulacion-2026\/","title":{"rendered":"Regulaci\u00f3n 2026"},"content":{"rendered":"<header class=\"wp-block-template-part\">\n<div class=\"wp-block-group is-layout-constrained wp-container-core-group-is-layout-12243e0f wp-block-group-is-layout-constrained\">\n<div class=\"wp-block-group alignwide top-header has-header-bg-background-color has-background has-post-title-font-size is-layout-flow wp-block-group-is-layout-flow\" style=\"padding-top:var(--wp--preset--spacing--30);padding-right:var(--wp--preset--spacing--30);padding-bottom:var(--wp--preset--spacing--30);padding-left:var(--wp--preset--spacing--30)\">\n<div class=\"wp-block-columns are-vertically-aligned-center is-layout-flex wp-container-core-columns-is-layout-28f84493 wp-block-columns-is-layout-flex\">\n<div class=\"wp-block-column is-vertically-aligned-center is-layout-flow wp-block-column-is-layout-flow\">\n<div class=\"wp-block-group call-box has-post-title-font-size is-content-justification-center is-nowrap is-layout-flex wp-container-core-group-is-layout-0b20373e wp-block-group-is-layout-flex\">\n<figure class=\"wp-block-image size-full\"><img decoding=\"async\" src=\"https:\/\/russafaculturaviva.org\/wp-content\/themes\/fse-social-ngo\/assets\/images\/call.png\" alt=\"\" class=\"wp-image-64\"\/><\/figure>\n\n\n\n<p class=\"has-white-color has-text-color has-link-color has-poppins-font-family has-normal-font-size wp-elements-0288f8ee7807338e776be047613d8c4c\">+34 963 80 50 76<\/p>\n<\/div>\n<\/div>\n\n\n\n<div class=\"wp-block-column is-vertically-aligned-center is-layout-flow wp-block-column-is-layout-flow\">\n<div class=\"wp-block-group mail-box is-content-justification-center is-nowrap is-layout-flex wp-container-core-group-is-layout-0b20373e wp-block-group-is-layout-flex\">\n<figure class=\"wp-block-image size-full\"><img decoding=\"async\" src=\"https:\/\/russafaculturaviva.org\/wp-content\/themes\/fse-social-ngo\/assets\/images\/mail.png\" alt=\"\" class=\"wp-image-61\"\/><\/figure>\n\n\n\n<p class=\"has-white-color has-text-color has-link-color has-poppins-font-family has-normal-font-size wp-elements-dc6511644771ab1fbd2693a7309857f1\">aiadiaspora@gmail.com<\/p>\n<\/div>\n<\/div>\n\n\n\n<div class=\"wp-block-column is-vertically-aligned-center social-box is-layout-flow wp-block-column-is-layout-flow\">\n<div class=\"wp-block-group is-content-justification-center is-nowrap is-layout-flex wp-container-core-group-is-layout-0b20373e wp-block-group-is-layout-flex\">\n<p class=\"has-white-color has-text-color has-link-color has-poppins-font-family has-normal-font-size wp-elements-bd5ea04057d016e7a10cfa95c96eea68\">Segueix-nos<\/p>\n\n\n\n<ul class=\"wp-block-social-links has-small-icon-size has-icon-color has-icon-background-color is-style-pill-shape is-content-justification-center is-layout-flex wp-container-core-social-links-is-layout-af5f8f84 wp-block-social-links-is-layout-flex\"><li style=\"color:#123A54;background-color:#ffffff;\" class=\"wp-social-link wp-social-link-facebook has-header-bg-color has-white-background-color wp-block-social-link\"><a href=\"https:\/\/web.facebook.com\/asoc.jarit\/?locale=es_ES&#038;_rdc=1&#038;_rdr#\" class=\"wp-block-social-link-anchor\"><svg width=\"24\" height=\"24\" viewbox=\"0 0 24 24\" version=\"1.1\" xmlns=\"http:\/\/www.w3.org\/2000\/svg\" aria-hidden=\"true\" focusable=\"false\"><path d=\"M12 2C6.5 2 2 6.5 2 12c0 5 3.7 9.1 8.4 9.9v-7H7.9V12h2.5V9.8c0-2.5 1.5-3.9 3.8-3.9 1.1 0 2.2.2 2.2.2v2.5h-1.3c-1.2 0-1.6.8-1.6 1.6V12h2.8l-.4 2.9h-2.3v7C18.3 21.1 22 17 22 12c0-5.5-4.5-10-10-10z\"><\/path><\/svg><span class=\"wp-block-social-link-label screen-reader-text\">Facebook<\/span><\/a><\/li>\n\n<li style=\"color:#123A54;background-color:#ffffff;\" class=\"wp-social-link wp-social-link-instagram has-header-bg-color has-white-background-color wp-block-social-link\"><a href=\"https:\/\/www.instagram.com\/asoc.jarit?igsh=eDFmYmJzbzMyODA2\" class=\"wp-block-social-link-anchor\"><svg width=\"24\" height=\"24\" viewbox=\"0 0 24 24\" version=\"1.1\" xmlns=\"http:\/\/www.w3.org\/2000\/svg\" aria-hidden=\"true\" focusable=\"false\"><path d=\"M12,4.622c2.403,0,2.688,0.009,3.637,0.052c0.877,0.04,1.354,0.187,1.671,0.31c0.42,0.163,0.72,0.358,1.035,0.673 c0.315,0.315,0.51,0.615,0.673,1.035c0.123,0.317,0.27,0.794,0.31,1.671c0.043,0.949,0.052,1.234,0.052,3.637 s-0.009,2.688-0.052,3.637c-0.04,0.877-0.187,1.354-0.31,1.671c-0.163,0.42-0.358,0.72-0.673,1.035 c-0.315,0.315-0.615,0.51-1.035,0.673c-0.317,0.123-0.794,0.27-1.671,0.31c-0.949,0.043-1.233,0.052-3.637,0.052 s-2.688-0.009-3.637-0.052c-0.877-0.04-1.354-0.187-1.671-0.31c-0.42-0.163-0.72-0.358-1.035-0.673 c-0.315-0.315-0.51-0.615-0.673-1.035c-0.123-0.317-0.27-0.794-0.31-1.671C4.631,14.688,4.622,14.403,4.622,12 s0.009-2.688,0.052-3.637c0.04-0.877,0.187-1.354,0.31-1.671c0.163-0.42,0.358-0.72,0.673-1.035 c0.315-0.315,0.615-0.51,1.035-0.673c0.317-0.123,0.794-0.27,1.671-0.31C9.312,4.631,9.597,4.622,12,4.622 M12,3 C9.556,3,9.249,3.01,8.289,3.054C7.331,3.098,6.677,3.25,6.105,3.472C5.513,3.702,5.011,4.01,4.511,4.511 c-0.5,0.5-0.808,1.002-1.038,1.594C3.25,6.677,3.098,7.331,3.054,8.289C3.01,9.249,3,9.556,3,12c0,2.444,0.01,2.751,0.054,3.711 c0.044,0.958,0.196,1.612,0.418,2.185c0.23,0.592,0.538,1.094,1.038,1.594c0.5,0.5,1.002,0.808,1.594,1.038 c0.572,0.222,1.227,0.375,2.185,0.418C9.249,20.99,9.556,21,12,21s2.751-0.01,3.711-0.054c0.958-0.044,1.612-0.196,2.185-0.418 c0.592-0.23,1.094-0.538,1.594-1.038c0.5-0.5,0.808-1.002,1.038-1.594c0.222-0.572,0.375-1.227,0.418-2.185 C20.99,14.751,21,14.444,21,12s-0.01-2.751-0.054-3.711c-0.044-0.958-0.196-1.612-0.418-2.185c-0.23-0.592-0.538-1.094-1.038-1.594 c-0.5-0.5-1.002-0.808-1.594-1.038c-0.572-0.222-1.227-0.375-2.185-0.418C14.751,3.01,14.444,3,12,3L12,3z M12,7.378 c-2.552,0-4.622,2.069-4.622,4.622S9.448,16.622,12,16.622s4.622-2.069,4.622-4.622S14.552,7.378,12,7.378z M12,15 c-1.657,0-3-1.343-3-3s1.343-3,3-3s3,1.343,3,3S13.657,15,12,15z M16.804,6.116c-0.596,0-1.08,0.484-1.08,1.08 s0.484,1.08,1.08,1.08c0.596,0,1.08-0.484,1.08-1.08S17.401,6.116,16.804,6.116z\"><\/path><\/svg><span class=\"wp-block-social-link-label screen-reader-text\">Instagram<\/span><\/a><\/li><\/ul>\n<\/div>\n<\/div>\n<\/div>\n<\/div>\n\n\n\n<div class=\"wp-block-group alignwide lower-header has-background-background-color has-background is-nowrap is-layout-flex wp-container-core-group-is-layout-ecaa0b57 wp-block-group-is-layout-flex\" style=\"margin-top:0;margin-bottom:0;padding-top:0;padding-right:var(--wp--preset--spacing--60);padding-bottom:0;padding-left:0\">\n<div class=\"wp-block-columns are-vertically-aligned-center lower-header-inner is-layout-flex wp-container-core-columns-is-layout-28f84493 wp-block-columns-is-layout-flex\">\n<div class=\"wp-block-column is-vertically-aligned-center header-logo is-layout-flow wp-block-column-is-layout-flow\" style=\"flex-basis:20%\">\n<figure class=\"wp-block-image aligncenter size-full is-resized\"><img loading=\"lazy\" decoding=\"async\" width=\"281\" height=\"312\" src=\"https:\/\/russafaculturaviva.org\/wp-content\/uploads\/2026\/04\/8.jpg\" alt=\"\" class=\"wp-image-262\" style=\"aspect-ratio:0.9007413509060955;width:113px;height:auto\" srcset=\"https:\/\/russafaculturaviva.org\/wp-content\/uploads\/2026\/04\/8.jpg 281w, https:\/\/russafaculturaviva.org\/wp-content\/uploads\/2026\/04\/8-270x300.jpg 270w\" sizes=\"auto, (max-width: 281px) 100vw, 281px\" \/><\/figure>\n<\/div>\n\n\n\n<div class=\"wp-block-column is-vertically-aligned-center header-nav is-layout-flow wp-block-column-is-layout-flow\" style=\"flex-basis:80%\"><nav style=\"font-style:normal;font-weight:500;text-transform:capitalize;\" class=\"has-text-color has-heading-color has-small-font-size is-responsive items-justified-right header-navigation wp-block-navigation has-poppins-font-family is-horizontal is-content-justification-right is-layout-flex wp-container-core-navigation-is-layout-d2dcbd3c wp-block-navigation-is-layout-flex\" aria-label=\"Men\u00fa Cabecera\" \n\t\t data-wp-interactive=\"core\/navigation\" data-wp-context='{\"overlayOpenedBy\":{\"click\":false,\"hover\":false,\"focus\":false},\"type\":\"overlay\",\"roleAttribute\":\"\",\"ariaLabel\":\"Men\\u00fa\"}'><button aria-haspopup=\"dialog\" aria-label=\"Obre el men\u00fa\" class=\"wp-block-navigation__responsive-container-open\" \n\t\t\t\tdata-wp-on--click=\"actions.openMenuOnClick\"\n\t\t\t\tdata-wp-on--keydown=\"actions.handleMenuKeydown\"\n\t\t\t><svg width=\"24\" height=\"24\" xmlns=\"http:\/\/www.w3.org\/2000\/svg\" viewbox=\"0 0 24 24\" aria-hidden=\"true\" focusable=\"false\"><path d=\"M4 7.5h16v1.5H4z\"><\/path><path d=\"M4 15h16v1.5H4z\"><\/path><\/svg><\/button>\n\t\t\t\t<div class=\"wp-block-navigation__responsive-container  has-text-color has-heading-color has-background has-background-background-color\"  id=\"modal-1\" \n\t\t\t\tdata-wp-class--has-modal-open=\"state.isMenuOpen\"\n\t\t\t\tdata-wp-class--is-menu-open=\"state.isMenuOpen\"\n\t\t\t\tdata-wp-watch=\"callbacks.initMenu\"\n\t\t\t\tdata-wp-on--keydown=\"actions.handleMenuKeydown\"\n\t\t\t\tdata-wp-on--focusout=\"actions.handleMenuFocusout\"\n\t\t\t\ttabindex=\"-1\"\n\t\t\t>\n\t\t\t\t\t<div class=\"wp-block-navigation__responsive-close\" tabindex=\"-1\">\n\t\t\t\t\t\t<div class=\"wp-block-navigation__responsive-dialog\" \n\t\t\t\tdata-wp-bind--aria-modal=\"state.ariaModal\"\n\t\t\t\tdata-wp-bind--aria-label=\"state.ariaLabel\"\n\t\t\t\tdata-wp-bind--role=\"state.roleAttribute\"\n\t\t\t>\n\t\t\t\t\t\t\t<button aria-label=\"Tanca el men\u00fa\" class=\"wp-block-navigation__responsive-container-close\" \n\t\t\t\tdata-wp-on--click=\"actions.closeMenuOnClick\"\n\t\t\t><svg xmlns=\"http:\/\/www.w3.org\/2000\/svg\" viewbox=\"0 0 24 24\" width=\"24\" height=\"24\" aria-hidden=\"true\" focusable=\"false\"><path d=\"m13.06 12 6.47-6.47-1.06-1.06L12 10.94 5.53 4.47 4.47 5.53 10.94 12l-6.47 6.47 1.06 1.06L12 13.06l6.47 6.47 1.06-1.06L13.06 12Z\"><\/path><\/svg><\/button>\n\t\t\t\t\t\t\t<div class=\"wp-block-navigation__responsive-container-content\" \n\t\t\t\tdata-wp-watch=\"callbacks.focusFirstElement\"\n\t\t\t id=\"modal-1-content\">\n\t\t\t\t\t\t\t\t<ul style=\"font-style:normal;font-weight:500;text-transform:capitalize;\" class=\"wp-block-navigation__container has-text-color has-heading-color has-small-font-size is-responsive items-justified-right header-navigation wp-block-navigation has-small-font-size has-poppins-font-family\"><li class=\"has-small-font-size wp-block-navigation-item wp-block-navigation-link\"><a class=\"wp-block-navigation-item__content\"  href=\"https:\/\/russafaculturaviva.org\/ca\/\"><span class=\"wp-block-navigation-item__label\">Inici         <\/span><\/a><\/li><li class=\"has-small-font-size wp-block-navigation-item wp-block-navigation-link wp-container-content-9cfa9a5a\"><a class=\"wp-block-navigation-item__content\"  href=\"https:\/\/russafaculturaviva.org\/ca\/about\/\"><span class=\"wp-block-navigation-item__label\">Qui som  <\/span><\/a><\/li><li class=\"has-small-font-size wp-block-navigation-item wp-block-navigation-link wp-container-content-9cfa9a5a\"><a class=\"wp-block-navigation-item__content\"  href=\"https:\/\/russafaculturaviva.org\/ca\/que-hacemos\/\"><span class=\"wp-block-navigation-item__label\">Qu\u00e8 fem  <\/span><\/a><\/li><li class=\"has-small-font-size wp-block-navigation-item wp-block-navigation-link wp-container-content-9cfa9a5a\"><a class=\"wp-block-navigation-item__content\"  href=\"https:\/\/russafaculturaviva.org\/ca\/historia\/\"><span class=\"wp-block-navigation-item__label\">Hist\u00f2ria <\/span><\/a><\/li><li class=\"has-small-font-size wp-block-navigation-item wp-block-navigation-link wp-container-content-9cfa9a5a\"><a class=\"wp-block-navigation-item__content\"  href=\"https:\/\/russafaculturaviva.org\/ca\/atencion-social-y-juridica\/\"><span class=\"wp-block-navigation-item__label\">Atenci\u00f3 social i jur\u00eddica<\/span><\/a><\/li><li class=\"has-small-font-size wp-block-navigation-item wp-block-navigation-link\"><a class=\"wp-block-navigation-item__content\"  href=\"https:\/\/russafaculturaviva.org\/ca\/regularizacion-extraordinaria-para-personas-migrantes\/\"><span class=\"wp-block-navigation-item__label\">Regularitzaci\u00f3 Extraordin\u00e0ria 2026        <\/span><\/a><\/li><li class=\"has-small-font-size wp-block-navigation-item wp-block-navigation-link wp-container-content-9cfa9a5a\"><a class=\"wp-block-navigation-item__content\"  href=\"https:\/\/russafaculturaviva.org\/ca\/cultura-y-comunidad\/\"><span class=\"wp-block-navigation-item__label\">Cultura i Comunitat  <\/span><\/a><\/li><li class=\"has-small-font-size wp-block-navigation-item wp-block-navigation-link wp-container-content-9cfa9a5a\"><a class=\"wp-block-navigation-item__content\"  href=\"https:\/\/russafaculturaviva.org\/ca\/formacion-y-cursos\/\"><span class=\"wp-block-navigation-item__label\">Formaci\u00f3 i Cursos<\/span><\/a><\/li><li class=\"has-small-font-size wp-block-navigation-item wp-block-navigation-link wp-container-content-9cfa9a5a\"><a class=\"wp-block-navigation-item__content\"  href=\"https:\/\/russafaculturaviva.org\/ca\/noticias-blog\/\"><span class=\"wp-block-navigation-item__label\">Not\u00edcies<\/span><\/a><\/li><li class=\"has-small-font-size wp-block-navigation-item wp-block-navigation-link wp-container-content-9cfa9a5a\"><a class=\"wp-block-navigation-item__content\"  href=\"https:\/\/russafaculturaviva.org\/ca\/participa\/\"><span class=\"wp-block-navigation-item__label\">Participa<\/span><\/a><\/li><\/ul>\n\t\t\t\t\t\t\t<\/div>\n\t\t\t\t\t\t<\/div>\n\t\t\t\t\t<\/div>\n\t\t\t\t<\/div><\/nav><\/div>\n<\/div>\n<\/div>\n<\/div>\n<\/header>\n\n\n<div class=\"wp-block-group alignfull banner is-layout-flow wp-block-group-is-layout-flow\" style=\"padding-top:0px;padding-right:0px;padding-bottom:0px;padding-left:0px\">\n<div class=\"wp-block-cover is-light\" style=\"margin-bottom:var(--wp--preset--spacing--60)\"><img loading=\"lazy\" decoding=\"async\" width=\"2362\" height=\"591\" class=\"wp-block-cover__image-background wp-image-362 size-full\" alt=\"\" src=\"https:\/\/russafaculturaviva.org\/wp-content\/uploads\/2026\/04\/Sin-titulo-1.jpg\" style=\"object-position:30% 45%\" data-object-fit=\"cover\" data-object-position=\"30% 45%\" srcset=\"https:\/\/russafaculturaviva.org\/wp-content\/uploads\/2026\/04\/Sin-titulo-1.jpg 2362w, https:\/\/russafaculturaviva.org\/wp-content\/uploads\/2026\/04\/Sin-titulo-1-300x75.jpg 300w, https:\/\/russafaculturaviva.org\/wp-content\/uploads\/2026\/04\/Sin-titulo-1-1024x256.jpg 1024w, https:\/\/russafaculturaviva.org\/wp-content\/uploads\/2026\/04\/Sin-titulo-1-768x192.jpg 768w, https:\/\/russafaculturaviva.org\/wp-content\/uploads\/2026\/04\/Sin-titulo-1-1536x384.jpg 1536w, https:\/\/russafaculturaviva.org\/wp-content\/uploads\/2026\/04\/Sin-titulo-1-2048x512.jpg 2048w\" sizes=\"auto, (max-width: 2362px) 100vw, 2362px\" \/><span aria-hidden=\"true\" class=\"wp-block-cover__background has-pale-cyan-blue-background-color has-background-dim-0 has-background-dim\"><\/span><div class=\"wp-block-cover__inner-container is-layout-flow wp-block-cover-is-layout-flow\">\n<div class=\"wp-block-group is-content-justification-center is-layout-constrained wp-block-group-is-layout-constrained\">\n<p class=\"has-text-align-right has-text-color has-link-color wp-elements-5325ebe92771f773bb4576071efe3441\" style=\"color:#d17139;margin-top:0;margin-right:0;margin-bottom:0;margin-left:0;padding-top:var(--wp--preset--spacing--80);padding-bottom:var(--wp--preset--spacing--80);font-size:50px\"><strong>Regularizaci\u00f3n <\/strong><br><strong>Extraordinaria 2026<\/strong><\/p>\n<\/div>\n<\/div><\/div>\n\n\n<h1 class=\"has-text-align-center has-link-color wp-elements-595df266af07ba6a7a7e2fb2acc7fea6 wp-block-post-title has-text-color has-white-color has-upper-heading-font-size\">Regulaci\u00f3n 2026<\/h1><\/div>\n\n\n\n<h1 class=\"wp-block-heading\">Regularitzaci\u00f3 Extraordin\u00e0ria 2026<\/h1>\n\n\n\n<p class=\"has-heading-color has-text-color has-link-color wp-elements-5a2ae0ff3d86228e3b67951189a327c2\"><em>Guia per a sol\u00b7licitants i tr\u00e0mits d'estrangeria<\/em><\/p>\n\n\n\n<hr class=\"wp-block-separator has-text-color has-alpha-channel-opacity has-background is-style-wide\" style=\"background-color:#034c7c;color:#034c7c\"\/>\n\n\n\n<h3 class=\"wp-block-heading\"><br>\ud83d\udc64<strong>\u00bfQui\u00e9n accede?<\/strong><\/h3>\n\n\n\n<ul class=\"wp-block-list\">\n<li class=\"has-heading-color has-text-color has-link-color wp-elements-85f65d8391c9dac977a12d393620f5ef translation-block\"><strong>Asil:<\/strong> Sol\u00b7licitants registrats abans de l'01\/01\/2026.<\/li>\n\n\n\n<li class=\"has-heading-color has-text-color has-link-color wp-elements-dcc371aa4bc2e1a8a569ca82bbec3155 translation-block\"><strong>Irregulars:<\/strong> Arribades a Espanya abans de l'01\/01\/2026.<\/li>\n\n\n\n<li><\/li>\n<\/ul>\n\n\n\n<hr class=\"wp-block-separator has-text-color has-alpha-channel-opacity has-background is-style-wide\" style=\"background-color:#034c7c;color:#034c7c\"\/>\n\n\n\n<h3 class=\"wp-block-heading\"><br>\ud83d\udccb<strong>Requisitos<\/strong><\/h3>\n\n\n\n<ul class=\"wp-block-list has-heading-color has-text-color has-link-color wp-elements-c39241b09ea25c39896b9f2fdce21118\">\n<li>5 mesos de perman\u00e8ncia.<\/li>\n\n\n\n<li>Sense antecedents penals.<\/li>\n\n\n\n<li>No figurar com a rebutjable.<br><\/li>\n<\/ul>\n\n\n\n<hr class=\"wp-block-separator has-text-color has-alpha-channel-opacity has-background is-style-wide\" style=\"background-color:#034c7c;color:#034c7c\"\/>\n\n\n\n<h2 class=\"wp-block-heading\"><br>\ud83d\udcc2<strong>Documentaci\u00f3n Necesaria<\/strong><\/h2>\n\n\n\n<ul class=\"wp-block-list has-heading-color has-text-color has-link-color wp-elements-cc058209a66a165039ab95e9471884f9\">\n<li>Passaport o C\u00e8dula (en vigor o caducada).<\/li>\n\n\n\n<li>Antecedents penals (5 anys, tradu\u00eft i apostillat).<\/li>\n\n\n\n<li>Proves de 5 mesos (SIP, Padr\u00f3, Factures).<\/li>\n\n\n\n<li>Justificant Taxa 052 (Opci\u00f3 2.3.1).<\/li>\n<\/ul>\n\n\n\n<div class=\"wp-block-buttons is-layout-flex wp-block-buttons-is-layout-flex\">\n<div class=\"wp-block-button\"><a class=\"wp-block-button__link has-background-color has-primary-background-color has-text-color has-background has-link-color has-upper-heading-font-size has-custom-font-size wp-element-button\" href=\"https:\/\/www.inclusion.gob.es\/regularizacion\"><strong>Web del Ministeri<\/strong><\/a><\/div>\n<\/div>\n\n\n\n<hr class=\"wp-block-separator has-text-color has-alpha-channel-opacity has-background is-style-wide\" style=\"background-color:#034c7c;color:#034c7c\"\/>\n\n\n\n<h2 class=\"wp-block-heading\"><br>\ud83d\udccd <strong>C\u00f3mo Presentar<\/strong><\/h2>\n\n\n\n<h4 class=\"wp-block-heading\">\ud83d\udcbb <strong>Telem\u00e1tica<\/strong><\/h4>\n\n\n\n<p class=\"has-heading-color has-text-color has-link-color wp-elements-d69f66e355cd05076497761d5b7a40e3\">Requereix certificat digital. Obert 24\/7.<br><\/p>\n\n\n\n<h4 class=\"wp-block-heading\">\ud83c\udfe2 <strong>Presencial<\/strong><\/h4>\n\n\n\n<p class=\"has-heading-color has-text-color has-link-color wp-elements-e3a3eb6b8ab3e32a2d56e462a80295f9\">Amb cita pr\u00e8via. Oficines d'Estrangeria, Correus o Seguretat Social.<\/p>\n\n\n\n<div class=\"wp-block-buttons is-layout-flex wp-block-buttons-is-layout-flex\">\n<div class=\"wp-block-button has-custom-width wp-block-button__width-25\"><a class=\"wp-block-button__link has-background-color has-primary-background-color has-text-color has-background has-link-color has-upper-heading-font-size has-custom-font-size wp-element-button\" href=\"https:\/\/www.inclusion.gob.es\/regularizacion\"><strong>Demanar cita <\/strong><\/a><\/div>\n<\/div>\n\n\n\n<hr class=\"wp-block-separator has-text-color has-alpha-channel-opacity has-background is-style-wide\" style=\"background-color:#034c7c;color:#034c7c\"\/>\n\n\n\n<h3 class=\"wp-block-heading\"><br>\u2b50 <strong>Si NO eres solicitante de asilo<\/strong><\/h3>\n\n\n\n<p class=\"has-heading-color has-text-color has-link-color wp-elements-f6e63fac0e1c0ad1d55aad79f64027c2\">Has d'acreditar una d'aquestes opcions:<\/p>\n\n\n\n<ul class=\"wp-block-list has-heading-color has-text-color has-link-color wp-elements-eaae327809fa7cea6b5ac95771ead5a6\">\n<li>Treball per compte d'altri o propi.<\/li>\n\n\n\n<li>Unitat familiar (fills escolaritzats, discapacitat).<\/li>\n\n\n\n<li>Informe de vulnerabilitat (Em\u00e8s per la nostra ONG).<br><\/li>\n<\/ul>\n\n\n\n<hr class=\"wp-block-separator has-text-color has-alpha-channel-opacity has-background is-style-wide\" style=\"background-color:#034c7c;color:#034c7c\"\/>\n\n\n\n<h3 class=\"wp-block-heading\"><br>\u2705 <strong>Tras la concesi\u00f3n<\/strong><\/h3>\n\n\n\n<ul class=\"wp-block-list has-heading-color has-text-color has-link-color wp-elements-55c5c5bb8b77dccdce0cdf3a3ce589ab\">\n<li>Autoritzaci\u00f3 de treball per 1 any.<\/li>\n\n\n\n<li>TIE al mes de la resoluci\u00f3.<\/li>\n\n\n\n<li>Menors: Resid\u00e8ncia per 5 anys.<br><\/li>\n<\/ul>\n\n\n\n<hr class=\"wp-block-separator has-text-color has-alpha-channel-opacity has-background is-style-wide\" style=\"background-color:#034c7c;color:#034c7c\"\/>\n\n\n\n<h2 class=\"wp-block-heading\"><br>\ud83d\udce5 <strong>Impresos y Formularios para Descargar<\/strong><\/h2>\n\n\n\n<p class=\"has-heading-color has-text-color has-link-color wp-elements-09460570cac2b379eee9910b4837933c\">Fes clic als botons per descarregar els models oficials necessaris per a la teva sol\u00b7licitud:<\/p>\n\n\n\n<ul class=\"wp-block-list\">\n<li class=\"translation-block\"><strong>Model EX-32<\/strong>: <small>Sol\u00b7licitud de regularitzaci\u00f3<\/small><\/li>\n<\/ul>\n\n\n\n<div class=\"wp-block-buttons is-layout-flex wp-block-buttons-is-layout-flex\">\n<div class=\"wp-block-button\"><a class=\"wp-block-button__link has-background-color has-primary-background-color has-text-color has-background has-link-color has-upper-heading-font-size has-custom-font-size wp-element-button\" href=\"https:\/\/russafaculturaviva.org\/wp-content\/uploads\/2026\/04\/EX32.-Formulario-autorizacion-de-residencia-por-circunstancias-excepcionales-por-razon-de-arraigo-extraordinario-DA21o-1.pdf\"> <strong>Descarregar PDF<\/strong><\/a><\/div>\n<\/div>\n\n\n\n<ul class=\"wp-block-list\">\n<li><strong>Modelo EX-31<\/strong>:  <small>Autorizaci\u00f3n de residencia<\/small><\/li>\n<\/ul>\n\n\n\n<div class=\"wp-block-buttons is-layout-flex wp-block-buttons-is-layout-flex\">\n<div class=\"wp-block-button\"><a class=\"wp-block-button__link has-background-color has-primary-background-color has-text-color has-background has-link-color has-upper-heading-font-size has-custom-font-size wp-element-button\" href=\"https:\/\/russafaculturaviva.org\/wp-content\/uploads\/2026\/04\/EX31.-Formulario-autorizacion-de-residencia-por-circunstancias-excepcionales-por-razon-de-arraigo.-Solicitantes-PI-DA20o.pdf\"> <strong>Descarregar PDF<\/strong><\/a><\/div>\n<\/div>\n\n\n\n<ul class=\"wp-block-list\">\n<li><strong>Informe de Vulnerabilitat<\/strong>: <small>Entidades colaboradoras<\/small><\/li>\n<\/ul>\n\n\n\n<div class=\"wp-block-buttons is-layout-flex wp-block-buttons-is-layout-flex\">\n<div class=\"wp-block-button\"><a class=\"wp-block-button__link has-background-color has-primary-background-color has-text-color has-background has-link-color has-upper-heading-font-size has-custom-font-size wp-element-button\" href=\"https:\/\/russafaculturaviva.org\/wp-content\/uploads\/2026\/04\/informe-vulnerabilidad1.pdf\"><strong> Descarregar PDF<\/strong><\/a><\/div>\n<\/div>\n\n\n\n<p><\/p>","protected":false},"excerpt":{"rendered":"<p>Plan Extraordinario de Regularizaci\u00f3n 2026 Gu\u00eda para solicitantes y tr\u00e1mites de extranjer\u00eda \ud83d\udc64\u00bfQui\u00e9n accede? \ud83d\udccbRequisitos \ud83d\udcc2Documentaci\u00f3n Necesaria \ud83d\udccd C\u00f3mo Presentar \ud83d\udcbb Telem\u00e1tica Requiere certificado digital. Abierto 24\/7. \ud83c\udfe2 Presencial Con cita previa. Oficinas de Extranjer\u00eda, Correos o Seguridad Social. \u2b50 Si NO eres solicitante de asilo Debes acreditar una de estas opciones: \u2705 Tras la [&hellip;]<\/p>\n","protected":false},"author":1,"featured_media":0,"parent":0,"menu_order":0,"comment_status":"closed","ping_status":"closed","template":"","meta":{"footnotes":""},"class_list":["post-385","page","type-page","status-publish","hentry"],"_links":{"self":[{"href":"https:\/\/russafaculturaviva.org\/ca\/wp-json\/wp\/v2\/pages\/385","targetHints":{"allow":["GET"]}}],"collection":[{"href":"https:\/\/russafaculturaviva.org\/ca\/wp-json\/wp\/v2\/pages"}],"about":[{"href":"https:\/\/russafaculturaviva.org\/ca\/wp-json\/wp\/v2\/types\/page"}],"author":[{"embeddable":true,"href":"https:\/\/russafaculturaviva.org\/ca\/wp-json\/wp\/v2\/users\/1"}],"replies":[{"embeddable":true,"href":"https:\/\/russafaculturaviva.org\/ca\/wp-json\/wp\/v2\/comments?post=385"}],"version-history":[{"count":3,"href":"https:\/\/russafaculturaviva.org\/ca\/wp-json\/wp\/v2\/pages\/385\/revisions"}],"predecessor-version":[{"id":395,"href":"https:\/\/russafaculturaviva.org\/ca\/wp-json\/wp\/v2\/pages\/385\/revisions\/395"}],"wp:attachment":[{"href":"https:\/\/russafaculturaviva.org\/ca\/wp-json\/wp\/v2\/media?parent=385"}],"curies":[{"name":"wp","href":"https:\/\/api.w.org\/{rel}","templated":true}]}}