{"id":379,"date":"2026-04-19T20:03:22","date_gmt":"2026-04-19T20:03:22","guid":{"rendered":"https:\/\/russafaculturaviva.org\/?page_id=379"},"modified":"2026-04-19T20:03:45","modified_gmt":"2026-04-19T20:03:45","slug":"379-2","status":"publish","type":"page","link":"https:\/\/russafaculturaviva.org\/ca\/379-2\/","title":{"rendered":""},"content":{"rendered":"<h3 class=\"wp-block-heading\">\ud83d\udcc4 <strong>El Informe de Vulnerabilidad<\/strong><\/h3>\n\n\n\n<p class=\"has-heading-color has-text-color has-link-color wp-elements-e886aa05ca792e2a364dfb60f5105b66\">Puedes revisar el documento aqu\u00ed mismo o descargarlo usando el bot\u00f3n inferior.<\/p>\n\n\n\n<div data-wp-interactive=\"core\/file\" class=\"wp-block-file\"><object data-wp-bind--hidden=\"!state.hasPdfPreview\" hidden class=\"wp-block-file__embed\" data=\"https:\/\/russafaculturaviva.org\/wp-content\/uploads\/2026\/04\/informe-vulnerabilidad1.pdf\" type=\"application\/pdf\" style=\"width:100%;height:770px\" aria-label=\"Incrustaci\u00f3 del fitxer informe vulnerabilidad1.\"><\/object><a id=\"wp-block-file--media-dc5ab98e-b094-4ab4-af42-f7d70388a49c\" href=\"https:\/\/russafaculturaviva.org\/wp-content\/uploads\/2026\/04\/informe-vulnerabilidad1.pdf\">informe vulnerabilidad1<\/a><a href=\"https:\/\/russafaculturaviva.org\/wp-content\/uploads\/2026\/04\/informe-vulnerabilidad1.pdf\" class=\"wp-block-file__button wp-element-button\" download aria-describedby=\"wp-block-file--media-dc5ab98e-b094-4ab4-af42-f7d70388a49c\">Descarga<\/a><\/div>\n\n\n\n<p><em>Si no puedes ver el documento, aseg\u00farate de tener actualizado tu navegador o pulsa el bot\u00f3n de descarga.<\/em><\/p>","protected":false},"excerpt":{"rendered":"<p>\ud83d\udcc4 El Informe de Vulnerabilidad Puedes revisar el documento aqu\u00ed mismo o descargarlo usando el bot\u00f3n inferior. Si no puedes ver el documento, aseg\u00farate de tener actualizado tu navegador o pulsa el bot\u00f3n de descarga.<\/p>","protected":false},"author":1,"featured_media":0,"parent":0,"menu_order":0,"comment_status":"closed","ping_status":"closed","template":"","meta":{"footnotes":""},"class_list":["post-379","page","type-page","status-publish","hentry"],"_links":{"self":[{"href":"https:\/\/russafaculturaviva.org\/ca\/wp-json\/wp\/v2\/pages\/379","targetHints":{"allow":["GET"]}}],"collection":[{"href":"https:\/\/russafaculturaviva.org\/ca\/wp-json\/wp\/v2\/pages"}],"about":[{"href":"https:\/\/russafaculturaviva.org\/ca\/wp-json\/wp\/v2\/types\/page"}],"author":[{"embeddable":true,"href":"https:\/\/russafaculturaviva.org\/ca\/wp-json\/wp\/v2\/users\/1"}],"replies":[{"embeddable":true,"href":"https:\/\/russafaculturaviva.org\/ca\/wp-json\/wp\/v2\/comments?post=379"}],"version-history":[{"count":2,"href":"https:\/\/russafaculturaviva.org\/ca\/wp-json\/wp\/v2\/pages\/379\/revisions"}],"predecessor-version":[{"id":381,"href":"https:\/\/russafaculturaviva.org\/ca\/wp-json\/wp\/v2\/pages\/379\/revisions\/381"}],"wp:attachment":[{"href":"https:\/\/russafaculturaviva.org\/ca\/wp-json\/wp\/v2\/media?parent=379"}],"curies":[{"name":"wp","href":"https:\/\/api.w.org\/{rel}","templated":true}]}}