{"id":333,"date":"2026-04-18T17:15:47","date_gmt":"2026-04-18T17:15:47","guid":{"rendered":"https:\/\/russafaculturaviva.org\/?page_id=333"},"modified":"2026-04-23T10:06:32","modified_gmt":"2026-04-23T10:06:32","slug":"regularizacion-extraordinaria-para-personas-migrantes","status":"publish","type":"page","link":"https:\/\/russafaculturaviva.org\/ca\/regularizacion-extraordinaria-para-personas-migrantes\/","title":{"rendered":"Regularitzaci\u00f3 Extraordin\u00e0ria 2026"},"content":{"rendered":"<div class=\"wp-block-group alignfull banner is-layout-flow wp-block-group-is-layout-flow\" style=\"padding-top:0px;padding-right:0px;padding-bottom:0px;padding-left:0px\">\n<div class=\"wp-block-cover is-light\" style=\"margin-bottom:var(--wp--preset--spacing--60)\"><img loading=\"lazy\" decoding=\"async\" width=\"2362\" height=\"591\" class=\"wp-block-cover__image-background wp-image-362 size-full\" alt=\"\" src=\"https:\/\/russafaculturaviva.org\/wp-content\/uploads\/2026\/04\/Sin-titulo-1.jpg\" data-object-fit=\"cover\" srcset=\"https:\/\/russafaculturaviva.org\/wp-content\/uploads\/2026\/04\/Sin-titulo-1.jpg 2362w, https:\/\/russafaculturaviva.org\/wp-content\/uploads\/2026\/04\/Sin-titulo-1-300x75.jpg 300w, https:\/\/russafaculturaviva.org\/wp-content\/uploads\/2026\/04\/Sin-titulo-1-1024x256.jpg 1024w, https:\/\/russafaculturaviva.org\/wp-content\/uploads\/2026\/04\/Sin-titulo-1-768x192.jpg 768w, https:\/\/russafaculturaviva.org\/wp-content\/uploads\/2026\/04\/Sin-titulo-1-1536x384.jpg 1536w, https:\/\/russafaculturaviva.org\/wp-content\/uploads\/2026\/04\/Sin-titulo-1-2048x512.jpg 2048w\" sizes=\"auto, (max-width: 2362px) 100vw, 2362px\" \/><span aria-hidden=\"true\" class=\"wp-block-cover__background has-heading-background-color has-background-dim-0 has-background-dim\"><\/span><div class=\"wp-block-cover__inner-container is-layout-flow wp-block-cover-is-layout-flow\">\n<div class=\"wp-block-group is-content-justification-center is-layout-constrained wp-block-group-is-layout-constrained\">\n<p class=\"has-text-align-right has-luminous-vivid-orange-color has-text-color has-link-color wp-elements-c9288e7fcbd4d11c88a9225163d0ebc6 translation-block\" style=\"margin-top:0;margin-right:0;margin-bottom:0;margin-left:0;padding-top:var(--wp--preset--spacing--80);padding-bottom:var(--wp--preset--spacing--80);font-size:40px\"><strong>Regularitzaci\u00f3 Extraordin\u00e0ria <\/strong><br><strong>per a Persones Migrants<\/strong><\/p>\n<\/div>\n<\/div><\/div>\n\n\n<h1 class=\"has-text-align-center has-link-color wp-elements-595df266af07ba6a7a7e2fb2acc7fea6 wp-block-post-title has-text-color has-white-color has-upper-heading-font-size\">Regularitzaci\u00f3 Extraordin\u00e0ria 2026<\/h1><\/div>\n\n\n\n<h1 class=\"wp-block-heading\">Regularitzaci\u00f3 Extraordin\u00e0ria 2026<\/h1>\n\n\n\n<p class=\"has-heading-color has-text-color has-link-color wp-elements-5a2ae0ff3d86228e3b67951189a327c2\"><em>Guia per a sol\u00b7licitants i tr\u00e0mits d'estrangeria<\/em><\/p>\n\n\n\n<hr class=\"wp-block-separator has-text-color has-alpha-channel-opacity has-background is-style-wide\" style=\"background-color:#034c7c;color:#034c7c\"\/>\n\n\n\n<h3 class=\"wp-block-heading\"><br>\ud83d\udc64<strong>\u00bfQui\u00e9n accede?<\/strong><\/h3>\n\n\n\n<ul class=\"wp-block-list\">\n<li class=\"has-heading-color has-text-color has-link-color wp-elements-85f65d8391c9dac977a12d393620f5ef translation-block\"><strong>Asil:<\/strong> Sol\u00b7licitants registrats abans de l'01\/01\/2026.<\/li>\n\n\n\n<li class=\"has-heading-color has-text-color has-link-color wp-elements-dcc371aa4bc2e1a8a569ca82bbec3155 translation-block\"><strong>Irregulars:<\/strong> Arribades a Espanya abans de l'01\/01\/2026.<\/li>\n<\/ul>\n\n\n\n<hr class=\"wp-block-separator has-text-color has-alpha-channel-opacity has-background is-style-wide\" style=\"background-color:#034c7c;color:#034c7c\"\/>\n\n\n\n<h3 class=\"wp-block-heading\"><br>\ud83d\udccb<strong>Requisitos<\/strong><\/h3>\n\n\n\n<ul class=\"wp-block-list has-heading-color has-text-color has-link-color wp-elements-f1ba3e2dac04b908fec6bd8a34f94fd9\">\n<li>5 mesos de perman\u00e8ncia.<\/li>\n\n\n\n<li>Sense antecedents penals.<\/li>\n\n\n\n<li>No figurar com a rebutjable.<\/li>\n<\/ul>\n\n\n\n<hr class=\"wp-block-separator has-text-color has-alpha-channel-opacity has-background is-style-wide\" style=\"background-color:#034c7c;color:#034c7c\"\/>\n\n\n\n<h2 class=\"wp-block-heading\"><br>\ud83d\udcc2<strong>Documentaci\u00f3n Necesaria<\/strong><\/h2>\n\n\n\n<ul class=\"wp-block-list has-heading-color has-text-color has-link-color wp-elements-cc058209a66a165039ab95e9471884f9\">\n<li>Passaport o C\u00e8dula (en vigor o caducada).<\/li>\n\n\n\n<li>Antecedents penals (5 anys, tradu\u00eft i apostillat).<\/li>\n\n\n\n<li>Proves de 5 mesos (SIP, Padr\u00f3, Factures).<\/li>\n\n\n\n<li>Justificant Taxa 052 (Opci\u00f3 2.3.1).<\/li>\n<\/ul>\n\n\n\n<div class=\"wp-block-buttons is-layout-flex wp-block-buttons-is-layout-flex\">\n<div class=\"wp-block-button\"><a class=\"wp-block-button__link has-background-color has-primary-background-color has-text-color has-background has-link-color has-upper-heading-font-size has-custom-font-size wp-element-button\" href=\"https:\/\/www.inclusion.gob.es\/regularizacion\" target=\"_blank\" rel=\"noreferrer noopener\"><strong>Web del Ministeri<\/strong><\/a><\/div>\n<\/div>\n\n\n\n<hr class=\"wp-block-separator has-text-color has-alpha-channel-opacity has-background is-style-wide\" style=\"background-color:#034c7c;color:#034c7c\"\/>\n\n\n\n<h2 class=\"wp-block-heading\"><br>\ud83d\udccd <strong>C\u00f3mo Presentar<\/strong><\/h2>\n\n\n\n<h4 class=\"wp-block-heading\">\ud83d\udcbb <strong>Telem\u00e1tica<\/strong><\/h4>\n\n\n\n<p class=\"has-heading-color has-text-color has-link-color wp-elements-d69f66e355cd05076497761d5b7a40e3\">Requereix certificat digital. Obert 24\/7.<br><\/p>\n\n\n\n<h4 class=\"wp-block-heading\">\ud83c\udfe2 <strong>Presencial<\/strong><\/h4>\n\n\n\n<p class=\"has-heading-color has-text-color has-link-color wp-elements-e3a3eb6b8ab3e32a2d56e462a80295f9\">Amb cita pr\u00e8via. Oficines d'Estrangeria, Correus o Seguretat Social.<\/p>\n\n\n\n<div class=\"wp-block-buttons is-content-justification-left is-layout-flex wp-container-core-buttons-is-layout-fc4fd283 wp-block-buttons-is-layout-flex\">\n<div class=\"wp-block-button is-style-fill\"><a class=\"wp-block-button__link has-background-color has-primary-background-color has-text-color has-background has-link-color has-upper-heading-font-size has-custom-font-size wp-element-button\" href=\"https:\/\/www.inclusion.gob.es\/regularizacion#solicita-cita\" target=\"_blank\" rel=\"noreferrer noopener\"><strong>Demanar cita <\/strong><\/a><\/div>\n<\/div>\n\n\n\n<hr class=\"wp-block-separator has-text-color has-alpha-channel-opacity has-background is-style-wide\" style=\"background-color:#034c7c;color:#034c7c\"\/>\n\n\n\n<h3 class=\"wp-block-heading\"><br>\u2b50 <strong>Si NO eres solicitante de asilo<\/strong><\/h3>\n\n\n\n<p class=\"has-heading-color has-text-color has-link-color wp-elements-f6e63fac0e1c0ad1d55aad79f64027c2\">Has d'acreditar una d'aquestes opcions:<\/p>\n\n\n\n<ul class=\"wp-block-list has-heading-color has-text-color has-link-color wp-elements-1beb1ce77aa79eecf04ecc04f167be78\">\n<li>Treball per compte d'altri o propi.<\/li>\n\n\n\n<li>Unitat familiar (fills escolaritzats, discapacitat).<\/li>\n\n\n\n<li>Informe de vulnerabilitat (Em\u00e8s per la nostra ONG).<\/li>\n<\/ul>\n\n\n\n<hr class=\"wp-block-separator has-text-color has-alpha-channel-opacity has-background is-style-wide\" style=\"background-color:#034c7c;color:#034c7c\"\/>\n\n\n\n<h3 class=\"wp-block-heading\"><br>\u2705 <strong>Tras la concesi\u00f3n<\/strong><\/h3>\n\n\n\n<ul class=\"wp-block-list has-heading-color has-text-color has-link-color wp-elements-8ebaa9350dd64a230e1c7a0fe2045169\">\n<li>Autoritzaci\u00f3 de treball per 1 any.<\/li>\n\n\n\n<li>TIE al mes de la resoluci\u00f3.<\/li>\n\n\n\n<li>Menors: Resid\u00e8ncia per 5 anys.<\/li>\n<\/ul>\n\n\n\n<hr class=\"wp-block-separator has-text-color has-alpha-channel-opacity has-background is-style-wide\" style=\"background-color:#034c7c;color:#034c7c\"\/>\n\n\n\n<h2 class=\"wp-block-heading\"><br>\ud83d\udce5 <strong>Impresos y Formularios para Descargar<\/strong><\/h2>\n\n\n\n<p class=\"has-heading-color has-text-color has-link-color wp-elements-09460570cac2b379eee9910b4837933c\">Fes clic als botons per descarregar els models oficials necessaris per a la teva sol\u00b7licitud:<\/p>\n\n\n\n<ul class=\"wp-block-list\">\n<li class=\"has-heading-color has-text-color has-link-color wp-elements-daf9de62096353830573f091488655f1 translation-block\" style=\"font-size:20px\"><strong>Model EX-32<\/strong>: <small>Sol\u00b7licitud de regularitzaci\u00f3<\/small><\/li>\n<\/ul>\n\n\n\n<div class=\"wp-block-buttons is-content-justification-center is-layout-flex wp-container-core-buttons-is-layout-72caf8c6 wp-block-buttons-is-layout-flex\">\n<div class=\"wp-block-button\"><a class=\"wp-block-button__link has-background-color has-primary-background-color has-text-color has-background has-link-color has-upper-heading-font-size has-custom-font-size wp-element-button\" href=\"https:\/\/russafaculturaviva.org\/wp-content\/uploads\/2026\/04\/EX32.-Formulario-autorizacion-de-residencia-por-circunstancias-excepcionales-por-razon-de-arraigo-extraordinario-DA21o-1-1.pdf\"> <strong>Descarregar PDF<\/strong><\/a><\/div>\n<\/div>\n\n\n\n<p><\/p>\n\n\n\n<ul class=\"wp-block-list\">\n<li class=\"has-heading-color has-text-color has-link-color wp-elements-68b1ebd67e0555845ed63ecb77cc8d04 translation-block\" style=\"font-size:20px\"><strong>Model EX-31<\/strong>: <small>Autoritzaci\u00f3 de resid\u00e8ncia<\/small> (nom\u00e9s per a asil)<\/li>\n<\/ul>\n\n\n\n<div class=\"wp-block-buttons is-content-justification-center is-layout-flex wp-container-core-buttons-is-layout-749adb30 wp-block-buttons-is-layout-flex\">\n<div class=\"wp-block-button is-style-fill\"><a class=\"wp-block-button__link has-background-color has-primary-background-color has-text-color has-background has-link-color has-upper-heading-font-size has-text-align-center has-custom-font-size wp-element-button\" href=\"https:\/\/russafaculturaviva.org\/wp-content\/uploads\/2026\/04\/EX31.-Formulario-autorizacion-de-residencia-por-circunstancias-excepcionales-por-razon-de-arraigo.-Solicitantes-PI-DA20o.pdf\" target=\"_blank\" rel=\"noreferrer noopener\"> <strong>Descarregar PDF<\/strong><\/a><\/div>\n<\/div>\n\n\n\n<p><\/p>\n\n\n\n<ul class=\"wp-block-list\">\n<li class=\"has-heading-color has-text-color has-link-color wp-elements-c9243d6a7c9a21b1e59b57502f632cc0\" style=\"font-size:20px\"><strong>Informe de Vulnerabilitat<\/strong><\/li>\n<\/ul>\n\n\n\n<div class=\"wp-block-buttons is-content-justification-center is-layout-flex wp-container-core-buttons-is-layout-c124d1c4 wp-block-buttons-is-layout-flex\">\n<div class=\"wp-block-button\"><a class=\"wp-block-button__link has-background-color has-primary-background-color has-text-color has-background has-link-color has-upper-heading-font-size has-custom-font-size wp-element-button\" href=\"https:\/\/russafaculturaviva.org\/wp-content\/uploads\/2026\/04\/informe-vulnerabilidad1.pdf\" target=\"_blank\" rel=\"noreferrer noopener\"><strong> Descarregar PDF<\/strong><\/a><\/div>\n<\/div>\n\n\n\n<ul class=\"wp-block-list\">\n<li class=\"has-heading-color has-text-color has-link-color wp-elements-0bf921e57a59b30a4d509f509b1ec047 translation-block\" style=\"font-size:20px\"><strong>Informaci\u00f3 general <\/strong>: <small>requisits, locals, dies i horaris.<\/small><\/li>\n<\/ul>\n\n\n\n<div class=\"wp-block-buttons is-content-justification-center is-layout-flex wp-container-core-buttons-is-layout-c124d1c4 wp-block-buttons-is-layout-flex\">\n<div class=\"wp-block-button\"><a class=\"wp-block-button__link has-background-color has-primary-background-color has-text-color has-background has-link-color has-upper-heading-font-size has-custom-font-size wp-element-button\" href=\"https:\/\/russafaculturaviva.org\/wp-content\/uploads\/2026\/04\/Proceso-regularizacion-4.pdf\"><strong> Descarregar PDF<\/strong><\/a><\/div>\n<\/div>\n\n\n\n<ul class=\"wp-block-list\">\n<li class=\"has-heading-color has-text-color has-link-color wp-elements-b06e5152a907c7c98bfc20393cc5b2a6 translation-block\" style=\"font-size:20px\"><strong>LLISTA d'entitats col\u00b7laboradores <\/strong>registrades per Informe.<\/li>\n<\/ul>\n\n\n\n<div class=\"wp-block-buttons is-content-justification-center is-layout-flex wp-container-core-buttons-is-layout-c124d1c4 wp-block-buttons-is-layout-flex\">\n<div class=\"wp-block-button\"><a class=\"wp-block-button__link has-background-color has-primary-background-color has-text-color has-background has-link-color has-upper-heading-font-size has-custom-font-size wp-element-button\" href=\"https:\/\/russafaculturaviva.org\/wp-content\/uploads\/2026\/04\/ASOCIACIONES-COLABORADORAS-ACREDITADAS-REGISTRO-ELECTRONICO-EXTRANJERIA-CON-SEDE-EN-VALENCIA-1.pdf\"><strong> Descarregar PDF<\/strong><\/a><\/div>\n<\/div>\n\n\n\n<ul class=\"wp-block-list\">\n<li class=\"has-heading-color has-text-color has-link-color wp-elements-9c5722eccae2cac2b3c3b5ac540942d4 translation-block\" style=\"font-size:20px\"><strong>Llista d'administracions<\/strong> per a registre presencial amb cita.<\/li>\n<\/ul>\n\n\n\n<div class=\"wp-block-buttons is-content-justification-center is-layout-flex wp-container-core-buttons-is-layout-c124d1c4 wp-block-buttons-is-layout-flex\">\n<div class=\"wp-block-button\"><a class=\"wp-block-button__link has-background-color has-primary-background-color has-text-color has-background has-link-color has-upper-heading-font-size has-custom-font-size wp-element-button\" href=\"https:\/\/russafaculturaviva.org\/wp-content\/uploads\/2026\/04\/listado-oficinas-valencia.docx.pdf\"><strong> Descarregar PDF<\/strong><\/a><\/div>\n<\/div>\n\n\n\n<ul class=\"wp-block-list\">\n<li class=\"has-heading-color has-text-color has-link-color wp-elements-18da7d267894c4bd488ea6556474af23 translation-block\" style=\"font-size:20px\"><strong>Taxa 790 Codi 052<\/strong> : triar la ciutat i omplir les dades<\/li>\n<\/ul>\n\n\n\n<div class=\"wp-block-buttons is-content-justification-center is-layout-flex wp-container-core-buttons-is-layout-c124d1c4 wp-block-buttons-is-layout-flex\">\n<div class=\"wp-block-button\"><a class=\"wp-block-button__link has-background-color has-primary-background-color has-text-color has-background has-link-color has-upper-heading-font-size has-custom-font-size wp-element-button\" href=\"https:\/\/sede.administracionespublicas.gob.es\/tasasPDF\/prepareProvincia?idModelo=790&amp;idTasa=052\">Anar a la p\u00e0gina<\/a><\/div>\n<\/div>","protected":false},"excerpt":{"rendered":"<p>Plan Extraordinario de Regularizaci\u00f3n 2026 Gu\u00eda para solicitantes y tr\u00e1mites de extranjer\u00eda \ud83d\udc64\u00bfQui\u00e9n accede? \ud83d\udccbRequisitos \ud83d\udcc2Documentaci\u00f3n Necesaria \ud83d\udccd C\u00f3mo Presentar \ud83d\udcbb Telem\u00e1tica Requiere certificado digital. Abierto 24\/7. \ud83c\udfe2 Presencial Con cita previa. Oficinas de Extranjer\u00eda, Correos o Seguridad Social. \u2b50 Si NO eres solicitante de asilo Debes acreditar una de estas opciones: \u2705 Tras la [&hellip;]<\/p>\n","protected":false},"author":1,"featured_media":0,"parent":0,"menu_order":0,"comment_status":"closed","ping_status":"closed","template":"","meta":{"footnotes":""},"class_list":["post-333","page","type-page","status-publish","hentry"],"_links":{"self":[{"href":"https:\/\/russafaculturaviva.org\/ca\/wp-json\/wp\/v2\/pages\/333","targetHints":{"allow":["GET"]}}],"collection":[{"href":"https:\/\/russafaculturaviva.org\/ca\/wp-json\/wp\/v2\/pages"}],"about":[{"href":"https:\/\/russafaculturaviva.org\/ca\/wp-json\/wp\/v2\/types\/page"}],"author":[{"embeddable":true,"href":"https:\/\/russafaculturaviva.org\/ca\/wp-json\/wp\/v2\/users\/1"}],"replies":[{"embeddable":true,"href":"https:\/\/russafaculturaviva.org\/ca\/wp-json\/wp\/v2\/comments?post=333"}],"version-history":[{"count":32,"href":"https:\/\/russafaculturaviva.org\/ca\/wp-json\/wp\/v2\/pages\/333\/revisions"}],"predecessor-version":[{"id":478,"href":"https:\/\/russafaculturaviva.org\/ca\/wp-json\/wp\/v2\/pages\/333\/revisions\/478"}],"wp:attachment":[{"href":"https:\/\/russafaculturaviva.org\/ca\/wp-json\/wp\/v2\/media?parent=333"}],"curies":[{"name":"wp","href":"https:\/\/api.w.org\/{rel}","templated":true}]}}