{"id":26,"date":"2026-03-04T11:43:37","date_gmt":"2026-03-04T10:43:37","guid":{"rendered":"https:\/\/carnavalrussafa.wordpress.com\/?page_id=26"},"modified":"2026-04-21T14:15:12","modified_gmt":"2026-04-21T14:15:12","slug":"historia","status":"publish","type":"page","link":"https:\/\/russafaculturaviva.org\/ca\/historia\/","title":{"rendered":"Hist\u00f2ria"},"content":{"rendered":"<h2 class=\"wp-block-heading has-heading-color has-text-color has-link-color has-normal-font-size wp-elements-6a6e09736e75f9a07283e205e4c200f3\"><strong>Hist\u00f2ria<\/strong><\/h2>\n\n\n\n<p class=\"has-heading-color has-tertiary-background-color has-text-color has-background has-link-color wp-elements-6f97c687602c9b4853e523bc5d99abbb\">AIAD va ser creada per un col\u00b7lectiu de m\u00fasics del Senegal i en els seus inicis es caracteritzava per una mobilitzaci\u00f3 d'artistes i voluntariat, reunits amb la meta d'associar altres artistes per compartir les inquietuds de la poblaci\u00f3. A trav\u00e9s d'experi\u00e8ncies musicals i tallers d'intercanvi i d'accions socials, AIAD sensibilitzava la joventut sobre la responsabilitat de fomentar la participaci\u00f3 activa en el desenvolupament del seu pa\u00eds i la millora de les condicions de vida.<\/p>\n\n\n\n<p class=\"has-heading-color has-tertiary-background-color has-text-color has-background has-link-color wp-elements-f09779dc3452598bb036b5d728cd9d3e\">Al Senegal, el 2006, l'emigraci\u00f3 il\u00b7legal ha crescut fins a assumir, sovint, proporcions dram\u00e0tiques. Un fenomen que va produir una situaci\u00f3 d'alt risc donades les condicions en les quals es realitza el viatge per arribar a la costa de les Illes Can\u00e0ries i les costes mediterr\u00e0nies d'Europa.<\/p>\n\n\n\n<p class=\"has-heading-color has-tertiary-background-color has-text-color has-background has-link-color wp-elements-5ec5d74bd114e962069c0fb3de00b769\">L'augment de l'atur juvenil i les pol\u00edtiques migrat\u00f2ries europees cada cop m\u00e9s restrictives representen factors que empenyen els joves a intentar arribar a Europa per tots els mitjans, encara que sigui a costa de les seves vides. L'any 2006, m\u00e9s de 3.000 emigrants clandestins, en la seva majoria originaris de pa\u00efsos d'\u00c0frica subsahariana, la meitat d'ells senegalesos, van arribar a Espanya en embarcacions improvisades. I les darreres dades revelen que m\u00e9s de 1.500 han mort nom\u00e9s l'any 2008 intentant trepitjar el territori europeu.<\/p>\n\n\n\n<p class=\"has-heading-color has-tertiary-background-color has-text-color has-background has-link-color wp-elements-2b710e5b081675bba04b9fec89fa8668\">La filosofia d'AIAD va comen\u00e7ar amb \u201cla cultura i la m\u00fasica com a missatge\u201d, considerant que la m\u00fasica t\u00e9 el poder de la comunicaci\u00f3, no nom\u00e9s de ser la veu dels que no poden expressar les seves reivindicacions, sin\u00f3 tamb\u00e9 d\u2019informar per al canvi o prevenir certs aspectes.<\/p>\n\n\n\n<p class=\"has-heading-color has-tertiary-background-color has-text-color has-background has-link-color wp-elements-2f5626168b33d211fce18e4265951b39\">El Hip Hop intercultural \u00e9s una eina molt poderosa per comunicar-se no nom\u00e9s amb la joventut, sin\u00f3 tamb\u00e9 amb la poblaci\u00f3 en general, inclosos tots aquells que no tenen en compte les reivindicacions i les opinions d'aquesta joventut, ja sigui en l'\u00e0mbit pol\u00edtic o social.<\/p>\n\n\n\n<p class=\"has-heading-color has-tertiary-background-color has-text-color has-background has-link-color wp-elements-768d6d0b81fb25ecbee3a4dc2ebc8f03\">La realitzaci\u00f3 de tallers i f\u00f2rums d'intercanvi entre joves de diferents prov\u00edncies d'Espanya i la seva perif\u00e8ria era la base d'acci\u00f3 d'AIAD. Aquests tallers van permetre a la joventut exposar els problemes que tenen i orientar-los cap a centres de formaci\u00f3 o institucions segons les seves necessitats.<\/p>\n\n\n\n<p class=\"has-heading-color has-tertiary-background-color has-text-color has-background has-link-color wp-elements-06cfd8b91e314b834fc69cd04e0232f0\">AIAD es va encarregar de l'organitzaci\u00f3 de festivals en diferents ciutats d'Espanya i en altres pa\u00efsos d'\u00c0frica (en centres p\u00fablics o privats) amb diferents grups de hip hop, de la projecci\u00f3 de pel\u00b7l\u00edcules i documentals sobre les condicions de viatge dels immigrants clandestins, la seva arribada i condici\u00f3 de vida en pa\u00efsos com Espanya.<\/p>\n\n\n\n<p><\/p>","protected":false},"excerpt":{"rendered":"<p>Historia AIAD &nbsp;fue creada por un colectivo de m\u00fasicos de Senegal y&nbsp;en sus inicios se caracterizaba por una movilizaci\u00f3n de artistas y voluntariado,&nbsp;reunidos con la meta de asociar a otros artistas a compartir las inquietudes de la poblaci\u00f3n. A trav\u00e9s de experiencias musicales y talleres de intercambio y de acciones sociales, AIAD sensibilizaba a la [&hellip;]<\/p>\n","protected":false},"author":1,"featured_media":0,"parent":0,"menu_order":0,"comment_status":"open","ping_status":"closed","template":"","meta":{"footnotes":""},"class_list":["post-26","page","type-page","status-publish","hentry"],"_links":{"self":[{"href":"https:\/\/russafaculturaviva.org\/ca\/wp-json\/wp\/v2\/pages\/26","targetHints":{"allow":["GET"]}}],"collection":[{"href":"https:\/\/russafaculturaviva.org\/ca\/wp-json\/wp\/v2\/pages"}],"about":[{"href":"https:\/\/russafaculturaviva.org\/ca\/wp-json\/wp\/v2\/types\/page"}],"author":[{"embeddable":true,"href":"https:\/\/russafaculturaviva.org\/ca\/wp-json\/wp\/v2\/users\/1"}],"replies":[{"embeddable":true,"href":"https:\/\/russafaculturaviva.org\/ca\/wp-json\/wp\/v2\/comments?post=26"}],"version-history":[{"count":2,"href":"https:\/\/russafaculturaviva.org\/ca\/wp-json\/wp\/v2\/pages\/26\/revisions"}],"predecessor-version":[{"id":458,"href":"https:\/\/russafaculturaviva.org\/ca\/wp-json\/wp\/v2\/pages\/26\/revisions\/458"}],"wp:attachment":[{"href":"https:\/\/russafaculturaviva.org\/ca\/wp-json\/wp\/v2\/media?parent=26"}],"curies":[{"name":"wp","href":"https:\/\/api.w.org\/{rel}","templated":true}]}}