{"id":178,"date":"2026-04-09T17:47:44","date_gmt":"2026-04-09T15:47:44","guid":{"rendered":"https:\/\/carnavalrussafa.wordpress.com\/?page_id=178"},"modified":"2026-04-21T14:26:18","modified_gmt":"2026-04-21T14:26:18","slug":"formacion-y-cursos","status":"publish","type":"page","link":"https:\/\/russafaculturaviva.org\/ca\/formacion-y-cursos\/","title":{"rendered":"Formaci\u00f3 i Cursos"},"content":{"rendered":"<p><\/p>\n\n\n\n<p class=\"has-heading-color has-text-color has-link-color has-upper-heading-font-size wp-elements-d0fb1cd70bfb7f1b49d3ae2cb92f075b\"><strong>Formaci\u00f3 i Cursos<\/strong><\/p>\n\n\n\n<p class=\"has-heading-color has-text-color has-link-color has-upper-heading-font-size wp-elements-506b7724522711c75e81f40a457730f0\">A AIAD impulsem espais d'aprenentatge orientats a la inclusi\u00f3, la capacitaci\u00f3 i l'acompanyament de persones migrades. Els nostres cursos estan dissenyats per facilitar la integraci\u00f3 social, l'acc\u00e9s als drets i el desenvolupament personal i professional.<\/p>\n\n\n\n<p class=\"has-heading-color has-text-color has-link-color has-upper-heading-font-size wp-elements-8c815c5bc334628ade50f45d90cdf6da\"><strong>Curs Jur\u00eddic sobre Migraci\u00f3<\/strong><\/p>\n\n\n\n<p class=\"has-heading-color has-text-color has-link-color has-upper-heading-font-size wp-elements-42e20481e0a9f78552050ec6f93057f1\">Formaci\u00f3 orientada a proporcionar coneixements b\u00e0sics sobre drets, legislaci\u00f3 i procediments administratius relacionats amb la migraci\u00f3.<\/p>\n\n\n\n<p class=\"has-heading-color has-text-color has-link-color has-upper-heading-font-size wp-elements-292daa85faeb67f61b52fa92a7f3829c\"><strong>\ud83d\udccc Continguts:<\/strong><\/p>\n\n\n\n<ul class=\"wp-block-list has-heading-color has-text-color has-link-color has-upper-heading-font-size wp-elements-1a4350a88961d8bb3bd0f01f1cdff793\">\n<li>Drets i deures de les persones migrades<\/li>\n\n\n\n<li>Procediments de regularitzaci\u00f3<\/li>\n\n\n\n<li>Acc\u00e9s a serveis p\u00fablics<\/li>\n\n\n\n<li>Assessorament jur\u00eddic b\u00e0sic<\/li>\n<\/ul>\n\n\n\n<p class=\"has-heading-color has-text-color has-link-color has-upper-heading-font-size wp-elements-808b8de608ea143694ab0ce54daf7714\"><strong>\ud83d\udcdd Inscripci\u00f3n<br><\/strong>Completa el formulario para participar en el curso.<\/p>\n\n\n\n<p><a href=\"https:\/\/docs.google.com\/forms\/d\/e\/1FAIpQLSdicVuTaXfXtUGgrWLOLIzgHihAosaAYgEux5AidRYy5Dh-SA\/viewform\" target=\"_blank\" rel=\"noreferrer noopener\">\ud83d\udc49<\/a> <\/p>\n\n\n\n<p class=\"has-heading-color has-text-color has-link-color has-upper-heading-font-size wp-elements-a7d7e5f35478f3bb5746d2782403d3ca\"><strong>Programa Formativo \u2013 1er Trimestre (Septiembre \u2013 Diciembre)<\/strong><\/p>\n\n\n\n<p class=\"has-heading-color has-text-color has-link-color has-upper-heading-font-size wp-elements-ec47485c1c2947e79f7ccf8bac5f3ae8\">Durante el primer trimestre desarrollamos un conjunto de actividades formativas dirigidas a mejorar la empleabilidad, la integraci\u00f3n social y el conocimiento del entorno.<\/p>\n\n\n\n<p class=\"has-heading-color has-text-color has-link-color has-upper-heading-font-size wp-elements-53eadf5ee286fcebad4d97ac5a4bc831\"><strong>\ud83d\udcda Incluye:<\/strong><\/p>\n\n\n\n<ul class=\"wp-block-list has-heading-color has-text-color has-link-color has-upper-heading-font-size wp-elements-34bc08f168b13f92b9525ae03eeb84bb\">\n<li>Talleres de orientaci\u00f3n laboral<\/li>\n\n\n\n<li>Formaci\u00f3n b\u00e1sica en competencias digitales<\/li>\n\n\n\n<li>Actividades de integraci\u00f3n social<\/li>\n\n\n\n<li>Sesiones informativas<\/li>\n<\/ul>\n\n\n\n<p class=\"has-heading-color has-text-color has-link-color has-upper-heading-font-size wp-elements-307f6ed192a93d80bcb2efbd8f1f41c4\"><strong>\ud83d\udcdd Inscripci\u00f3n abierta<br><\/strong>Consulta disponibilidad y plazas a trav\u00e9s del formulario.<\/p>\n\n\n\n<p><a href=\"https:\/\/docs.google.com\/forms\/d\/e\/1FAIpQLScdkNupm-hzL5JYfOOEIWNOpEFManF6EA6ggcch5dX0Ng_FLw\/viewform\" target=\"_blank\" rel=\"noreferrer noopener\">\ud83d\udc49<\/a> <\/p>\n\n\n\n<p class=\"has-heading-color has-text-color has-link-color has-upper-heading-font-size wp-elements-f7a039ca4508963f609c1b0f459f1ae8\"><strong>Cursos de Idiomas<\/strong><\/p>\n\n\n\n<p class=\"has-heading-color has-text-color has-link-color has-upper-heading-font-size wp-elements-a03f43d687108ecf3d0644ef3bb2b4e6\">Ofrecemos formaci\u00f3n en idiomas como herramienta clave para la integraci\u00f3n social y laboral.<\/p>\n\n\n\n<p class=\"has-heading-color has-text-color has-link-color has-upper-heading-font-size wp-elements-02d7f6c4fe39ab236cfa0b9fb6c381ee\"><strong>\ud83d\udd52 Horarios<br><\/strong>Consulta los horarios disponibles en la imagen informativa.<\/p>\n\n\n\n<p class=\"has-heading-color has-text-color has-link-color has-upper-heading-font-size wp-elements-8aa17ac331b1bdf7c3ca460a8c889c10\"><strong>\ud83d\udccd Modalidad:<\/strong><\/p>\n\n\n\n<ul class=\"wp-block-list has-heading-color has-text-color has-link-color has-upper-heading-font-size wp-elements-da86428ead3e1882c000aefba54292bd\">\n<li class=\"translation-block\"><img role=\"img\" class=\"emoji\" alt=\"\ud83c\udfe2\" src=\"https:\/\/s.w.org\/images\/core\/emoji\/17.0.2\/svg\/1f3e2.svg\"> <strong>Presencial<\/strong><\/li>\n\n\n\n<li>Grupos reducidos<\/li>\n\n\n\n<li>Nivel b\u00e1sico y medio<\/li>\n<\/ul>\n\n\n\n<p class=\"has-heading-color has-text-color has-link-color has-upper-heading-font-size wp-elements-27316a892495de979937c0b4991a17fe\"><strong>\ud83d\udcdd Inscripci\u00f3n<br><\/strong>Contacta con nosotros o completa el formulario para reservar tu plaza.<\/p>\n\n\n\n<figure class=\"wp-block-image size-large\"><img loading=\"lazy\" decoding=\"async\" width=\"1600\" height=\"1131\" src=\"https:\/\/russafaculturaviva.org\/wp-content\/uploads\/2026\/04\/photo-2026-04-06-16-58-46.jpg?w=1024\" alt=\"\" class=\"wp-image-183\" srcset=\"https:\/\/russafaculturaviva.org\/wp-content\/uploads\/2026\/04\/photo-2026-04-06-16-58-46.jpg 1600w, https:\/\/russafaculturaviva.org\/wp-content\/uploads\/2026\/04\/photo-2026-04-06-16-58-46-300x212.jpg 300w, https:\/\/russafaculturaviva.org\/wp-content\/uploads\/2026\/04\/photo-2026-04-06-16-58-46-1024x724.jpg 1024w, https:\/\/russafaculturaviva.org\/wp-content\/uploads\/2026\/04\/photo-2026-04-06-16-58-46-768x543.jpg 768w, https:\/\/russafaculturaviva.org\/wp-content\/uploads\/2026\/04\/photo-2026-04-06-16-58-46-1536x1086.jpg 1536w\" sizes=\"auto, (max-width: 1600px) 100vw, 1600px\" \/><\/figure>\n\n\n\n<p class=\"has-heading-color has-text-color has-link-color has-upper-heading-font-size wp-elements-4a22d9c250681dce5101bfd6f6bd6801\"><strong>Acceso a la formaci\u00f3n para todas las personas<\/strong><\/p>\n\n\n\n<p class=\"has-heading-color has-text-color has-link-color has-upper-heading-font-size wp-elements-81c8bd5adbbabce5d37978feb39ea5ef\">En AIAD trabajamos para que la educaci\u00f3n sea accesible, inclusiva y adaptada a las necesidades de cada persona, especialmente aquellas en situaci\u00f3n de vulnerabilidad.<\/p>\n\n\n\n<p class=\"has-heading-color has-text-color has-link-color has-upper-heading-font-size wp-elements-1ab941495a8ab9fc4d151ed50e830fac\">Creemos en la formaci\u00f3n como herramienta de cambio y empoderamiento.<\/p>\n\n\n\n<p><\/p>","protected":false},"excerpt":{"rendered":"<p>Formaci\u00f3n y Cursos En AIAD impulsamos espacios de aprendizaje orientados a la inclusi\u00f3n, la capacitaci\u00f3n y el acompa\u00f1amiento de personas migrantes. Nuestros cursos est\u00e1n dise\u00f1ados para facilitar la integraci\u00f3n social, el acceso a derechos y el desarrollo personal y profesional. Curso Jur\u00eddico sobre Migraci\u00f3n Formaci\u00f3n orientada a proporcionar conocimientos b\u00e1sicos sobre derechos, legislaci\u00f3n y procedimientos [&hellip;]<\/p>\n","protected":false},"author":1,"featured_media":0,"parent":0,"menu_order":0,"comment_status":"closed","ping_status":"closed","template":"","meta":{"footnotes":""},"class_list":["post-178","page","type-page","status-publish","hentry"],"_links":{"self":[{"href":"https:\/\/russafaculturaviva.org\/ca\/wp-json\/wp\/v2\/pages\/178","targetHints":{"allow":["GET"]}}],"collection":[{"href":"https:\/\/russafaculturaviva.org\/ca\/wp-json\/wp\/v2\/pages"}],"about":[{"href":"https:\/\/russafaculturaviva.org\/ca\/wp-json\/wp\/v2\/types\/page"}],"author":[{"embeddable":true,"href":"https:\/\/russafaculturaviva.org\/ca\/wp-json\/wp\/v2\/users\/1"}],"replies":[{"embeddable":true,"href":"https:\/\/russafaculturaviva.org\/ca\/wp-json\/wp\/v2\/comments?post=178"}],"version-history":[{"count":3,"href":"https:\/\/russafaculturaviva.org\/ca\/wp-json\/wp\/v2\/pages\/178\/revisions"}],"predecessor-version":[{"id":465,"href":"https:\/\/russafaculturaviva.org\/ca\/wp-json\/wp\/v2\/pages\/178\/revisions\/465"}],"wp:attachment":[{"href":"https:\/\/russafaculturaviva.org\/ca\/wp-json\/wp\/v2\/media?parent=178"}],"curies":[{"name":"wp","href":"https:\/\/api.w.org\/{rel}","templated":true}]}}