{"id":166,"date":"2026-04-06T15:59:02","date_gmt":"2026-04-06T13:59:02","guid":{"rendered":"https:\/\/carnavalrussafa.wordpress.com\/?page_id=166"},"modified":"2026-04-21T14:27:34","modified_gmt":"2026-04-21T14:27:34","slug":"participa","status":"publish","type":"page","link":"https:\/\/russafaculturaviva.org\/ca\/participa\/","title":{"rendered":"Participa"},"content":{"rendered":"<p class=\"has-heading-color has-text-color has-link-color has-upper-heading-font-size wp-elements-2bb7b678a9bb93c7ce9056dad6ae415f\"><strong>Participa<\/strong><\/p>\n\n\n\n<p class=\"has-heading-color has-text-color has-link-color has-upper-heading-font-size wp-elements-14a768198d4fe8df34c5eda3b423537f\">En AIAD creemos en la participaci\u00f3n como motor de cambio social. Invitamos a todas las personas a formar parte de nuestras iniciativas y contribuir a la construcci\u00f3n de una sociedad m\u00e1s inclusiva y solidaria.<\/p>\n\n\n\n<hr class=\"wp-block-separator has-alpha-channel-opacity\"\/>\n\n\n\n<figure class=\"wp-block-image size-large\"><img loading=\"lazy\" decoding=\"async\" width=\"1408\" height=\"768\" src=\"https:\/\/russafaculturaviva.org\/wp-content\/uploads\/2026\/04\/gemini_generated_image_gnp6upgnp6upgnp6.png?w=1024\" alt=\"\" class=\"wp-image-168\" srcset=\"https:\/\/russafaculturaviva.org\/wp-content\/uploads\/2026\/04\/gemini_generated_image_gnp6upgnp6upgnp6.png 1408w, https:\/\/russafaculturaviva.org\/wp-content\/uploads\/2026\/04\/gemini_generated_image_gnp6upgnp6upgnp6-300x164.png 300w, https:\/\/russafaculturaviva.org\/wp-content\/uploads\/2026\/04\/gemini_generated_image_gnp6upgnp6upgnp6-1024x559.png 1024w, https:\/\/russafaculturaviva.org\/wp-content\/uploads\/2026\/04\/gemini_generated_image_gnp6upgnp6upgnp6-768x419.png 768w\" sizes=\"auto, (max-width: 1408px) 100vw, 1408px\" \/><\/figure>\n\n\n\n<p class=\"has-heading-color has-text-color has-link-color has-upper-heading-font-size wp-elements-2763c1e0866b85980ca8b5574a46d352\"><strong>\ud83e\udd1d Voluntariado<br><\/strong>Ofrecemos la posibilidad de colaborar como voluntario\/a en diferentes \u00e1reas, participando activamente en proyectos sociales, culturales y educativos.<\/p>\n\n\n\n<hr class=\"wp-block-separator has-alpha-channel-opacity\"\/>\n\n\n\n<p class=\"has-heading-color has-text-color has-link-color has-upper-heading-font-size wp-elements-b2af6ce0c39af2682176e2d96cde3c9f\"><strong>\ud83c\udf0d Colaboraciones<br><\/strong>Trabajamos con asociaciones, entidades y colectivos que quieran sumar esfuerzos y generar impacto conjunto.<\/p>\n\n\n\n<hr class=\"wp-block-separator has-alpha-channel-opacity\"\/>\n\n\n\n<p class=\"has-heading-color has-text-color has-link-color has-upper-heading-font-size wp-elements-c7685042bb44ec48dfdb8fa59c236d40\"><strong>\ud83c\udfaf Participaci\u00f3n en proyectos<br><\/strong>Facilitamos la incorporaci\u00f3n a programas y actividades en marcha, permitiendo a las personas implicarse en acciones reales.<\/p>\n\n\n\n<hr class=\"wp-block-separator has-alpha-channel-opacity\"\/>\n\n\n\n<p class=\"has-heading-color has-text-color has-link-color has-upper-heading-font-size wp-elements-288db2069bc5243494350648d5603112\"><strong>\ud83d\udca1 Propuestas e iniciativas<br><\/strong>Apoyamos ideas que contribuyan al desarrollo social y comunitario, fomentando la creatividad y la participaci\u00f3n activa.<\/p>\n\n\n\n<hr class=\"wp-block-separator has-alpha-channel-opacity\"\/>\n\n\n\n<p class=\"has-heading-color has-text-color has-link-color has-upper-heading-font-size wp-elements-99bcc87f3681966c088087d48f704c08\"><strong>\ud83d\udc65 Comunidad AIAD<br><\/strong>Formar parte de AIAD significa integrarse en una red diversa de personas comprometidas con la transformaci\u00f3n social.<\/p>\n\n\n\n<hr class=\"wp-block-separator has-alpha-channel-opacity\"\/>\n\n\n\n<p class=\"has-heading-color has-text-color has-link-color has-upper-heading-font-size wp-elements-7825d5cfe3ea1be224fc97caa0551d97\"><strong>\ud83d\udce9 C\u00f3mo participar<br><\/strong>Ponemos a disposici\u00f3n canales de contacto y espacios de informaci\u00f3n para facilitar la incorporaci\u00f3n y colaboraci\u00f3n en nuestras actividades.<\/p>","protected":false},"excerpt":{"rendered":"<p>Participa En AIAD creemos en la participaci\u00f3n como motor de cambio social. Invitamos a todas las personas a formar parte de nuestras iniciativas y contribuir a la construcci\u00f3n de una sociedad m\u00e1s inclusiva y solidaria. \ud83e\udd1d VoluntariadoOfrecemos la posibilidad de colaborar como voluntario\/a en diferentes \u00e1reas, participando activamente en proyectos sociales, culturales y educativos. \ud83c\udf0d [&hellip;]<\/p>\n","protected":false},"author":1,"featured_media":0,"parent":0,"menu_order":0,"comment_status":"closed","ping_status":"closed","template":"","meta":{"footnotes":""},"class_list":["post-166","page","type-page","status-publish","hentry"],"_links":{"self":[{"href":"https:\/\/russafaculturaviva.org\/ca\/wp-json\/wp\/v2\/pages\/166","targetHints":{"allow":["GET"]}}],"collection":[{"href":"https:\/\/russafaculturaviva.org\/ca\/wp-json\/wp\/v2\/pages"}],"about":[{"href":"https:\/\/russafaculturaviva.org\/ca\/wp-json\/wp\/v2\/types\/page"}],"author":[{"embeddable":true,"href":"https:\/\/russafaculturaviva.org\/ca\/wp-json\/wp\/v2\/users\/1"}],"replies":[{"embeddable":true,"href":"https:\/\/russafaculturaviva.org\/ca\/wp-json\/wp\/v2\/comments?post=166"}],"version-history":[{"count":1,"href":"https:\/\/russafaculturaviva.org\/ca\/wp-json\/wp\/v2\/pages\/166\/revisions"}],"predecessor-version":[{"id":466,"href":"https:\/\/russafaculturaviva.org\/ca\/wp-json\/wp\/v2\/pages\/166\/revisions\/466"}],"wp:attachment":[{"href":"https:\/\/russafaculturaviva.org\/ca\/wp-json\/wp\/v2\/media?parent=166"}],"curies":[{"name":"wp","href":"https:\/\/api.w.org\/{rel}","templated":true}]}}