{"id":158,"date":"2026-04-06T15:53:43","date_gmt":"2026-04-06T13:53:43","guid":{"rendered":"https:\/\/carnavalrussafa.wordpress.com\/?page_id=158"},"modified":"2026-04-06T15:53:43","modified_gmt":"2026-04-06T13:53:43","slug":"transparencia","status":"publish","type":"page","link":"https:\/\/russafaculturaviva.org\/ca\/transparencia\/","title":{"rendered":"Transparencia"},"content":{"rendered":"<p><strong>Transparencia<\/strong><\/p>\n\n\n\n<p>En AIAD creemos en la importancia de la transparencia como base de la confianza y la responsabilidad social. Por ello, ponemos a disposici\u00f3n de la ciudadan\u00eda informaci\u00f3n clara sobre nuestra actividad, gesti\u00f3n y funcionamiento.<\/p>\n\n\n\n<hr class=\"wp-block-separator has-alpha-channel-opacity\" \/>\n\n\n\n<figure class=\"wp-block-image size-large\"><img loading=\"lazy\" decoding=\"async\" width=\"1536\" height=\"1024\" src=\"https:\/\/russafaculturaviva.org\/wp-content\/uploads\/2026\/04\/chatgpt-image-6-avr.-2026-14_52_45.png?w=1024\" alt=\"\" class=\"wp-image-160\" srcset=\"https:\/\/russafaculturaviva.org\/wp-content\/uploads\/2026\/04\/chatgpt-image-6-avr.-2026-14_52_45.png 1536w, https:\/\/russafaculturaviva.org\/wp-content\/uploads\/2026\/04\/chatgpt-image-6-avr.-2026-14_52_45-300x200.png 300w, https:\/\/russafaculturaviva.org\/wp-content\/uploads\/2026\/04\/chatgpt-image-6-avr.-2026-14_52_45-1024x683.png 1024w, https:\/\/russafaculturaviva.org\/wp-content\/uploads\/2026\/04\/chatgpt-image-6-avr.-2026-14_52_45-768x512.png 768w\" sizes=\"auto, (max-width: 1536px) 100vw, 1536px\" \/><\/figure>\n\n\n\n<p>\ud83d\udcc4 <strong>Memorias y actividades<\/strong><br>Publicamos informes y memorias que recogen las acciones desarrolladas, los proyectos realizados y el impacto generado.<\/p>\n\n\n\n<hr class=\"wp-block-separator has-alpha-channel-opacity\" \/>\n\n\n\n<p>\ud83d\udcca <strong>Gesti\u00f3n y organizaci\u00f3n<\/strong><br>Facilitamos informaci\u00f3n sobre nuestra estructura, funcionamiento interno y l\u00edneas de actuaci\u00f3n.<\/p>\n\n\n\n<hr class=\"wp-block-separator has-alpha-channel-opacity\" \/>\n\n\n\n<p>\u2696\ufe0f <strong>Compromiso \u00e9tico<\/strong><br>Actuamos bajo principios de responsabilidad, igualdad, respeto y compromiso social, garantizando buenas pr\u00e1cticas en todas nuestras acciones.<\/p>\n\n\n\n<hr class=\"wp-block-separator has-alpha-channel-opacity\" \/>\n\n\n\n<p>\ud83d\udcd1 <strong>Documentaci\u00f3n institucional<\/strong><br>Ponemos a disposici\u00f3n documentos relevantes como planes de igualdad, normativas internas y otros recursos de inter\u00e9s.<\/p>\n\n\n\n<hr class=\"wp-block-separator has-alpha-channel-opacity\" \/>\n\n\n\n<p>\ud83d\udd0d <strong>Rendici\u00f3n de cuentas<\/strong><br>Trabajamos para asegurar una gesti\u00f3n responsable y accesible, permitiendo conocer c\u00f3mo desarrollamos nuestras actividades y proyectos.<\/p>\n\n\n\n<hr class=\"wp-block-separator has-alpha-channel-opacity\" \/>\n\n\n\n<p>\ud83e\udd1d <strong>Confianza y cercan\u00eda<\/strong><br>Fomentamos una relaci\u00f3n abierta con la comunidad, basada en la confianza, la participaci\u00f3n y la transparencia.<\/p>","protected":false},"excerpt":{"rendered":"<p>Transparencia En AIAD creemos en la importancia de la transparencia como base de la confianza y la responsabilidad social. Por ello, ponemos a disposici\u00f3n de la ciudadan\u00eda informaci\u00f3n clara sobre nuestra actividad, gesti\u00f3n y funcionamiento. \ud83d\udcc4 Memorias y actividadesPublicamos informes y memorias que recogen las acciones desarrolladas, los proyectos realizados y el impacto generado. \ud83d\udcca [&hellip;]<\/p>\n","protected":false},"author":1,"featured_media":0,"parent":0,"menu_order":0,"comment_status":"closed","ping_status":"closed","template":"","meta":{"footnotes":""},"class_list":["post-158","page","type-page","status-publish","hentry"],"_links":{"self":[{"href":"https:\/\/russafaculturaviva.org\/ca\/wp-json\/wp\/v2\/pages\/158","targetHints":{"allow":["GET"]}}],"collection":[{"href":"https:\/\/russafaculturaviva.org\/ca\/wp-json\/wp\/v2\/pages"}],"about":[{"href":"https:\/\/russafaculturaviva.org\/ca\/wp-json\/wp\/v2\/types\/page"}],"author":[{"embeddable":true,"href":"https:\/\/russafaculturaviva.org\/ca\/wp-json\/wp\/v2\/users\/1"}],"replies":[{"embeddable":true,"href":"https:\/\/russafaculturaviva.org\/ca\/wp-json\/wp\/v2\/comments?post=158"}],"version-history":[{"count":0,"href":"https:\/\/russafaculturaviva.org\/ca\/wp-json\/wp\/v2\/pages\/158\/revisions"}],"wp:attachment":[{"href":"https:\/\/russafaculturaviva.org\/ca\/wp-json\/wp\/v2\/media?parent=158"}],"curies":[{"name":"wp","href":"https:\/\/api.w.org\/{rel}","templated":true}]}}