{"id":139,"date":"2026-04-03T19:38:07","date_gmt":"2026-04-03T17:38:07","guid":{"rendered":"https:\/\/carnavalrussafa.wordpress.com\/?page_id=139"},"modified":"2026-04-21T14:22:41","modified_gmt":"2026-04-21T14:22:41","slug":"cultura-y-comunidad","status":"publish","type":"page","link":"https:\/\/russafaculturaviva.org\/ca\/cultura-y-comunidad\/","title":{"rendered":"Cultura i Comunitat"},"content":{"rendered":"<p class=\"has-heading-color has-text-color has-link-color has-upper-heading-font-size wp-elements-11ea55a9f312710dc8cc0ea6e9f01dbd\"><strong>Cultura i Comunitat<\/strong><\/p>\n\n\n\n<p class=\"has-heading-color has-text-color has-link-color has-upper-heading-font-size wp-elements-43fec214b4b763b0bc872950bf3bebd2\">A AIAD entenem la cultura com una eina fonamental per a la inclusi\u00f3 social, la trobada entre persones i la construcci\u00f3 de comunitats m\u00e9s cohesionades.<\/p>\n\n\n\n<p class=\"has-heading-color has-text-color has-link-color has-upper-heading-font-size wp-elements-ebd0a355111ffda2570f9352123ad185\">A trav\u00e9s de les nostres activitats culturals i comunit\u00e0ries, generem espais on la diversitat s'expressa, es comparteix i se celebra, promovent el respecte, la creativitat i el di\u00e0leg intercultural.<\/p>\n\n\n\n<hr class=\"wp-block-separator has-alpha-channel-opacity\"\/>\n\n\n\n<figure class=\"wp-block-image size-large\"><img loading=\"lazy\" decoding=\"async\" width=\"1536\" height=\"1024\" src=\"https:\/\/russafaculturaviva.org\/wp-content\/uploads\/2026\/04\/celebration-de-la-diversite-culturelle.png?w=1024\" alt=\"\" class=\"wp-image-149\" srcset=\"https:\/\/russafaculturaviva.org\/wp-content\/uploads\/2026\/04\/celebration-de-la-diversite-culturelle.png 1536w, https:\/\/russafaculturaviva.org\/wp-content\/uploads\/2026\/04\/celebration-de-la-diversite-culturelle-300x200.png 300w, https:\/\/russafaculturaviva.org\/wp-content\/uploads\/2026\/04\/celebration-de-la-diversite-culturelle-1024x683.png 1024w, https:\/\/russafaculturaviva.org\/wp-content\/uploads\/2026\/04\/celebration-de-la-diversite-culturelle-768x512.png 768w\" sizes=\"auto, (max-width: 1536px) 100vw, 1536px\" \/><\/figure>\n\n\n\n<p class=\"has-heading-color has-text-color has-link-color has-upper-heading-font-size wp-elements-e50e38bba4f4609c99602f0a5b2ebb56\">\ud83c\udfad <strong>Actividades culturales<\/strong><br>Organizamos talleres, encuentros y acciones culturales que fomentan la participaci\u00f3n activa de la comunidad, utilizando el arte como medio de expresi\u00f3n, aprendizaje y transformaci\u00f3n social.<\/p>\n\n\n\n<hr class=\"wp-block-separator has-alpha-channel-opacity\"\/>\n\n\n\n<p class=\"has-heading-color has-text-color has-link-color has-upper-heading-font-size wp-elements-0c5aa366844220b7e926971679ef1428\"><strong>\ud83c\udfa8 Artistas y colectivos<br><\/strong>Colaboramos con artistas, creadores y colectivos culturales que aportan diferentes miradas, experiencias y expresiones art\u00edsticas, enriqueciendo el trabajo comunitario y dando visibilidad a la diversidad cultural.<\/p>\n\n\n\n<hr class=\"wp-block-separator has-alpha-channel-opacity\"\/>\n\n\n\n<p class=\"has-heading-color has-text-color has-link-color has-upper-heading-font-size wp-elements-f4ae1ce65885fde48d7f3394e34fa297\"><strong>\ud83c\udf0d Interculturalidad y diversidad<br><\/strong>Promovemos el intercambio entre culturas como base para la convivencia, generando espacios donde las tradiciones, identidades y saberes se encuentran y dialogan.<\/p>\n\n\n\n<hr class=\"wp-block-separator has-alpha-channel-opacity\"\/>\n\n\n\n<p class=\"has-heading-color has-text-color has-link-color has-upper-heading-font-size wp-elements-a1f5b48cf482d5ae75842bd1fda989b6\"><strong>\ud83c\udfb6 Eventos y encuentros comunitarios<br><\/strong>Impulsamos actividades abiertas al p\u00fablico como jornadas culturales, actuaciones, exposiciones y celebraciones que fortalecen el v\u00ednculo entre la ciudadan\u00eda y fomentan el sentido de pertenencia.<\/p>\n\n\n\n<hr class=\"wp-block-separator has-alpha-channel-opacity\"\/>\n\n\n\n<p class=\"has-heading-color has-text-color has-link-color has-upper-heading-font-size wp-elements-d4694fb135e2bcb4c12920e7c74d64e9\"><strong>\ud83e\udd1d Participaci\u00f3n comunitaria<br><\/strong>Fomentamos la implicaci\u00f3n de la comunidad en nuestras actividades, creando espacios accesibles donde todas las personas puedan participar, aportar y formar parte activa del tejido social.<\/p>\n\n\n\n<hr class=\"wp-block-separator has-alpha-channel-opacity\"\/>\n\n\n\n<p class=\"has-heading-color has-text-color has-link-color has-upper-heading-font-size wp-elements-18d5114f366c2d69df86a88e3bf4f56f\"><strong>\ud83c\udf31 Cultura como motor social<br><\/strong>Creemos en la cultura como una herramienta de cambio, capaz de generar inclusi\u00f3n, romper barreras y construir una sociedad m\u00e1s justa, diversa y conectada.<\/p>\n\n\n\n<p><\/p>","protected":false},"excerpt":{"rendered":"<p>Cultura y Comunidad En AIAD entendemos la cultura como una herramienta fundamental para la inclusi\u00f3n social, el encuentro entre personas y la construcci\u00f3n de comunidades m\u00e1s cohesionadas. A trav\u00e9s de nuestras actividades culturales y comunitarias, generamos espacios donde la diversidad se expresa, se comparte y se celebra, promoviendo el respeto, la creatividad y el di\u00e1logo [&hellip;]<\/p>\n","protected":false},"author":1,"featured_media":0,"parent":0,"menu_order":0,"comment_status":"closed","ping_status":"closed","template":"","meta":{"footnotes":""},"class_list":["post-139","page","type-page","status-publish","hentry"],"_links":{"self":[{"href":"https:\/\/russafaculturaviva.org\/ca\/wp-json\/wp\/v2\/pages\/139","targetHints":{"allow":["GET"]}}],"collection":[{"href":"https:\/\/russafaculturaviva.org\/ca\/wp-json\/wp\/v2\/pages"}],"about":[{"href":"https:\/\/russafaculturaviva.org\/ca\/wp-json\/wp\/v2\/types\/page"}],"author":[{"embeddable":true,"href":"https:\/\/russafaculturaviva.org\/ca\/wp-json\/wp\/v2\/users\/1"}],"replies":[{"embeddable":true,"href":"https:\/\/russafaculturaviva.org\/ca\/wp-json\/wp\/v2\/comments?post=139"}],"version-history":[{"count":2,"href":"https:\/\/russafaculturaviva.org\/ca\/wp-json\/wp\/v2\/pages\/139\/revisions"}],"predecessor-version":[{"id":462,"href":"https:\/\/russafaculturaviva.org\/ca\/wp-json\/wp\/v2\/pages\/139\/revisions\/462"}],"wp:attachment":[{"href":"https:\/\/russafaculturaviva.org\/ca\/wp-json\/wp\/v2\/media?parent=139"}],"curies":[{"name":"wp","href":"https:\/\/api.w.org\/{rel}","templated":true}]}}