{"id":126,"date":"2026-04-02T17:25:13","date_gmt":"2026-04-02T15:25:13","guid":{"rendered":"https:\/\/carnavalrussafa.wordpress.com\/?page_id=126"},"modified":"2026-04-21T10:05:00","modified_gmt":"2026-04-21T10:05:00","slug":"que-hacemos","status":"publish","type":"page","link":"https:\/\/russafaculturaviva.org\/ca\/que-hacemos\/","title":{"rendered":"\u00bfQu\u00e8 Fem?"},"content":{"rendered":"<p class=\"has-heading-color has-text-color has-link-color wp-elements-5506b368414ffdc5f04041f2ef42967a\"><strong>\u00bfQu\u00e8 Fem?<\/strong><\/p>\n\n\n\n<p class=\"has-heading-color has-text-color has-link-color wp-elements-c3f58226d018021f2e5b9fef35410109\">La AIAD desenvolupa la seva tasca a trav\u00e9s d'un conjunt de programes integrals orientats a la inclusi\u00f3 social, la cooperaci\u00f3 internacional i l'enfortiment de comunitats des d'un enfocament intercultural, participatiu i sostenible.<\/p>\n\n\n\n<p class=\"has-heading-color has-text-color has-link-color wp-elements-6ef2cc9d41569c8b089a7f6d73362b53\">La nostra feina s'estructura en diferents \u00e0rees d'intervenci\u00f3 que responen a les necessitats reals de les persones i comunitats amb les quals col\u00b7laborem.<\/p>\n\n\n\n<hr class=\"wp-block-separator has-alpha-channel-opacity\"\/>\n\n\n\n<p class=\"has-heading-color has-text-color has-link-color wp-elements-8cd7583788ad3b000fe41c35bf3e7697\">\ud83e\udd1d <strong>Acci\u00f3n Social<\/strong><br>Desarrollamos programas de apoyo integral dirigidos a personas en situaci\u00f3n de vulnerabilidad, ofreciendo atenci\u00f3n psicol\u00f3gica, orientaci\u00f3n sociolaboral, asesoramiento jur\u00eddico y acompa\u00f1amiento social. Facilitamos herramientas para la inserci\u00f3n laboral, el acceso a derechos y la mejora de la calidad de vida.<\/p>\n\n\n\n<hr class=\"wp-block-separator has-alpha-channel-opacity\"\/>\n\n\n\n<p class=\"has-heading-color has-text-color has-link-color wp-elements-e88ce05f16a76cc9144ca829bc71a867\">\ud83c\udf0d <strong>Cooperaci\u00f3n Internacional<\/strong><br>Impulsamos proyectos de desarrollo en colaboraci\u00f3n con organizaciones y comunidades de distintos pa\u00edses, especialmente en \u00c1frica. Promovemos iniciativas sostenibles centradas en la educaci\u00f3n, la inclusi\u00f3n social y el fortalecimiento comunitario, fomentando el intercambio de conocimientos y la solidaridad global.<\/p>\n\n\n\n<hr class=\"wp-block-separator has-alpha-channel-opacity\"\/>\n\n\n\n<p class=\"has-heading-color has-text-color has-link-color wp-elements-bf4ccb72f89aad3e165ca06367e7a194\">\ud83c\udfd8\ufe0f <strong>Desarrollo Comunitario<\/strong><br>Trabajamos para fortalecer el tejido social mediante la participaci\u00f3n ciudadana, la creaci\u00f3n de redes comunitarias y la dinamizaci\u00f3n sociocultural. Promovemos espacios de convivencia, di\u00e1logo intercultural y resoluci\u00f3n de conflictos desde una perspectiva inclusiva.<\/p>\n\n\n\n<hr class=\"wp-block-separator has-alpha-channel-opacity\"\/>\n\n\n\n<p class=\"has-heading-color has-text-color has-link-color wp-elements-b1f6c71ad8dd793df64e2ff77f92a4b7\">\ud83c\udf93 <strong>Educaci\u00f3n para el Desarrollo<\/strong><br>Desarrollamos acciones educativas que fomentan una ciudadan\u00eda cr\u00edtica y comprometida. A trav\u00e9s de talleres, charlas y recursos pedag\u00f3gicos, abordamos tem\u00e1ticas como la interculturalidad, las migraciones, los derechos humanos y la igualdad.<\/p>\n\n\n\n<hr class=\"wp-block-separator has-alpha-channel-opacity\"\/>\n\n\n\n<p class=\"has-heading-color has-text-color has-link-color wp-elements-5cdc98a79b943d7ecb01da338eae3c5e\">\ud83c\udfeb <strong>Escuela de Acogida<\/strong><br>Facilitamos procesos de integraci\u00f3n a personas migrantes mediante programas formativos orientados al aprendizaje del idioma, el conocimiento del entorno y el acceso a recursos b\u00e1sicos. Este espacio favorece la inclusi\u00f3n, la autonom\u00eda y la participaci\u00f3n activa en la sociedad.<\/p>\n\n\n\n<hr class=\"wp-block-separator has-alpha-channel-opacity\"\/>\n\n\n\n<p class=\"has-heading-color has-text-color has-link-color wp-elements-54f001890ac6912db35d1ace29288a92\">\ud83c\udf31 <strong>Un enfoque integral<\/strong><br>Todas nuestras acciones est\u00e1n interconectadas y responden a una visi\u00f3n com\u00fan: construir una sociedad m\u00e1s justa, inclusiva y solidaria, donde la diversidad sea entendida como un valor y una oportunidad de crecimiento colectivo.<\/p>\n\n\n\n<p class=\"has-heading-color has-text-color has-link-color wp-elements-04a2c36b555703dfd19a412271769a5b\">Treballem des de la proximitat, el comprom\u00eds social i la col\u00b7laboraci\u00f3 amb entitats, institucions i comunitats, generant un impacte real tant a nivell local com internacional.<\/p>","protected":false},"excerpt":{"rendered":"<p>\u00bfQu\u00e9 hacemos? La AIAD desarrolla su labor a trav\u00e9s de un conjunto de programas integrales orientados a la inclusi\u00f3n social, la cooperaci\u00f3n internacional y el fortalecimiento de comunidades desde un enfoque intercultural, participativo y sostenible. Nuestro trabajo se estructura en diferentes \u00e1reas de intervenci\u00f3n que responden a las necesidades reales de las personas y comunidades [&hellip;]<\/p>\n","protected":false},"author":1,"featured_media":0,"parent":0,"menu_order":0,"comment_status":"closed","ping_status":"closed","template":"","meta":{"footnotes":""},"class_list":["post-126","page","type-page","status-publish","hentry"],"_links":{"self":[{"href":"https:\/\/russafaculturaviva.org\/ca\/wp-json\/wp\/v2\/pages\/126","targetHints":{"allow":["GET"]}}],"collection":[{"href":"https:\/\/russafaculturaviva.org\/ca\/wp-json\/wp\/v2\/pages"}],"about":[{"href":"https:\/\/russafaculturaviva.org\/ca\/wp-json\/wp\/v2\/types\/page"}],"author":[{"embeddable":true,"href":"https:\/\/russafaculturaviva.org\/ca\/wp-json\/wp\/v2\/users\/1"}],"replies":[{"embeddable":true,"href":"https:\/\/russafaculturaviva.org\/ca\/wp-json\/wp\/v2\/comments?post=126"}],"version-history":[{"count":2,"href":"https:\/\/russafaculturaviva.org\/ca\/wp-json\/wp\/v2\/pages\/126\/revisions"}],"predecessor-version":[{"id":449,"href":"https:\/\/russafaculturaviva.org\/ca\/wp-json\/wp\/v2\/pages\/126\/revisions\/449"}],"wp:attachment":[{"href":"https:\/\/russafaculturaviva.org\/ca\/wp-json\/wp\/v2\/media?parent=126"}],"curies":[{"name":"wp","href":"https:\/\/api.w.org\/{rel}","templated":true}]}}